{"id":441,"date":"2014-03-06T15:40:41","date_gmt":"2014-03-06T13:40:41","guid":{"rendered":"http:\/\/www.ornding.at\/?page_id=441"},"modified":"2014-03-18T13:46:11","modified_gmt":"2014-03-18T11:46:11","slug":"jaenner-2014-preisverleihung-projektwettbewerb-dorferneuerung","status":"publish","type":"page","link":"https:\/\/www.ornding.at\/?page_id=441","title":{"rendered":"J\u00e4nner 2014 &#8211; Preisverleihung Projektwettbewerb Dorferneuerung"},"content":{"rendered":"<h4>Am 21. J\u00e4nner 2014 wurde der Dorfverein Lebendiges Ornding ins Landhaus zur Siegerehrung des Projektwettbewerbs\u00a0der nieder\u00f6sterreichischen Dorf&amp;Stadterneuerung eingeladen. Von 74 eingereichten Projekten war die &#8222;Orndinger Dorfschule&#8220; unter den Finalisten. Stolz nahmen Ingrid Hochenauer und Kerstin Thain stellvertretend f\u00fcr den Verein die Ehrung, verliehen durch Landeshauptmann Dr. Erwin Pr\u00f6ll entgegen.<\/h4>\n<h4>Projekte wie diese sind nur durch die Mithilfe vieler Freiwilliger m\u00f6glich. Wir freuen uns auch in Zukunft \u00fcber jede Unterst\u00fctzung!<\/h4>\n<p>&nbsp;<\/p>\n\n\t\t\t<div id=\"441-1\" class=\"gallery gallery-441 gallery-col-2 gallery-columns-2 gallery-size-post-thumbnail\" itemscope itemtype=\"http:\/\/schema.org\/ImageGallery\">\n\t\t\t\t\t<figure class='gallery-item col-2' itemprop='associatedMedia' itemscope itemtype='http:\/\/schema.org\/ImageObject'>\n\t\t\t\t\t\t<div class='gallery-icon landscape'><a href='https:\/\/www.ornding.at\/wp-content\/uploads\/2013\/06\/dorf_13903937331.jpg' itemprop=\"contentURL\"><img loading=\"lazy\" decoding=\"async\" width=\"175\" height=\"117\" src=\"https:\/\/www.ornding.at\/wp-content\/uploads\/2013\/06\/dorf_13903937331.jpg\" class=\"attachment-post-thumbnail size-post-thumbnail\" alt=\"\" srcset=\"https:\/\/www.ornding.at\/wp-content\/uploads\/2013\/06\/dorf_13903937331.jpg 800w, https:\/\/www.ornding.at\/wp-content\/uploads\/2013\/06\/dorf_13903937331-300x199.jpg 300w\" sizes=\"auto, (max-width: 175px) 100vw, 175px\" aria-describedby=\"figcaption-441-388\" itemprop=\"thumbnail\" \/><\/a><\/div>\n\t\t\t\t\t\t<figcaption id=\"figcaption-441-388\" class=\"gallery-caption\" itemprop=\"caption\">\u00dcbergabe der Urkunde<\/figcaption>\n\t\t\t\t\t<\/figure>\n\t\t\t\t\t<figure class='gallery-item col-2' itemprop='associatedMedia' itemscope itemtype='http:\/\/schema.org\/ImageObject'>\n\t\t\t\t\t\t<div class='gallery-icon portrait'><a href='https:\/\/www.ornding.at\/wp-content\/uploads\/2013\/06\/Proell_1.jpg' itemprop=\"contentURL\"><img loading=\"lazy\" decoding=\"async\" width=\"89\" height=\"131\" src=\"https:\/\/www.ornding.at\/wp-content\/uploads\/2013\/06\/Proell_1.jpg\" class=\"attachment-post-thumbnail size-post-thumbnail\" alt=\"\" srcset=\"https:\/\/www.ornding.at\/wp-content\/uploads\/2013\/06\/Proell_1.jpg 1083w, https:\/\/www.ornding.at\/wp-content\/uploads\/2013\/06\/Proell_1-203x300.jpg 203w, https:\/\/www.ornding.at\/wp-content\/uploads\/2013\/06\/Proell_1-696x1024.jpg 696w\" sizes=\"auto, (max-width: 89px) 100vw, 89px\" aria-describedby=\"figcaption-441-386\" itemprop=\"thumbnail\" \/><\/a><\/div>\n\t\t\t\t\t\t<figcaption id=\"figcaption-441-386\" class=\"gallery-caption\" itemprop=\"caption\">\u00dcbergabe der Urkunde<\/figcaption>\n\t\t\t\t\t<\/figure>\n\t\t\t\t\t<figure class='gallery-item col-2' itemprop='associatedMedia' itemscope itemtype='http:\/\/schema.org\/ImageObject'>\n\t\t\t\t\t\t<div class='gallery-icon landscape'><a href='https:\/\/www.ornding.at\/wp-content\/uploads\/2013\/06\/DSC03340.jpg' itemprop=\"contentURL\"><img loading=\"lazy\" decoding=\"async\" width=\"175\" height=\"117\" src=\"https:\/\/www.ornding.at\/wp-content\/uploads\/2013\/06\/DSC03340.jpg\" class=\"attachment-post-thumbnail size-post-thumbnail\" alt=\"\" srcset=\"https:\/\/www.ornding.at\/wp-content\/uploads\/2013\/06\/DSC03340.jpg 3408w, https:\/\/www.ornding.at\/wp-content\/uploads\/2013\/06\/DSC03340-300x200.jpg 300w, https:\/\/www.ornding.at\/wp-content\/uploads\/2013\/06\/DSC03340-1024x682.jpg 1024w\" sizes=\"auto, (max-width: 175px) 100vw, 175px\" aria-describedby=\"figcaption-441-385\" itemprop=\"thumbnail\" \/><\/a><\/div>\n\t\t\t\t\t\t<figcaption id=\"figcaption-441-385\" class=\"gallery-caption\" itemprop=\"caption\">Gruppenfoto: Br\u00fcll Daniel, Claudia Rester mit Franziska, Ingrid Hohenauer, Kerstin Thain, Matthias Komarek, Bgm Alfred Bergner und Bernhard Thain<\/figcaption>\n\t\t\t\t\t<\/figure>\n\t\t\t\t\t<figure class='gallery-item col-2' itemprop='associatedMedia' itemscope itemtype='http:\/\/schema.org\/ImageObject'>\n\t\t\t\t\t\t<div class='gallery-icon landscape'><a href='https:\/\/www.ornding.at\/wp-content\/uploads\/2013\/06\/DSC03316.jpg' itemprop=\"contentURL\"><img loading=\"lazy\" decoding=\"async\" width=\"175\" height=\"117\" src=\"https:\/\/www.ornding.at\/wp-content\/uploads\/2013\/06\/DSC03316.jpg\" class=\"attachment-post-thumbnail size-post-thumbnail\" alt=\"\" srcset=\"https:\/\/www.ornding.at\/wp-content\/uploads\/2013\/06\/DSC03316.jpg 3408w, https:\/\/www.ornding.at\/wp-content\/uploads\/2013\/06\/DSC03316-300x200.jpg 300w, https:\/\/www.ornding.at\/wp-content\/uploads\/2013\/06\/DSC03316-1024x682.jpg 1024w\" sizes=\"auto, (max-width: 175px) 100vw, 175px\" aria-describedby=\"figcaption-441-384\" itemprop=\"thumbnail\" \/><\/a><\/div>\n\t\t\t\t\t\t<figcaption id=\"figcaption-441-384\" class=\"gallery-caption\" itemprop=\"caption\">Warten auf die Verk\u00fcndung<\/figcaption>\n\t\t\t\t\t<\/figure>\n\t\t\t\t\t<figure class='gallery-item col-2' itemprop='associatedMedia' itemscope itemtype='http:\/\/schema.org\/ImageObject'>\n\t\t\t\t\t\t<div class='gallery-icon landscape'><a href='https:\/\/www.ornding.at\/wp-content\/uploads\/2013\/06\/DSC03312.jpg' itemprop=\"contentURL\"><img loading=\"lazy\" decoding=\"async\" width=\"175\" height=\"117\" src=\"https:\/\/www.ornding.at\/wp-content\/uploads\/2013\/06\/DSC03312.jpg\" class=\"attachment-post-thumbnail size-post-thumbnail\" alt=\"\" srcset=\"https:\/\/www.ornding.at\/wp-content\/uploads\/2013\/06\/DSC03312.jpg 3408w, https:\/\/www.ornding.at\/wp-content\/uploads\/2013\/06\/DSC03312-300x200.jpg 300w, https:\/\/www.ornding.at\/wp-content\/uploads\/2013\/06\/DSC03312-1024x682.jpg 1024w\" sizes=\"auto, (max-width: 175px) 100vw, 175px\" aria-describedby=\"figcaption-441-383\" itemprop=\"thumbnail\" \/><\/a><\/div>\n\t\t\t\t\t\t<figcaption id=\"figcaption-441-383\" class=\"gallery-caption\" itemprop=\"caption\">Auch das j\u00fcngste Mitglied des Dorfvereins durfte in den Landtag mit<\/figcaption>\n\t\t\t\t\t<\/figure>\n\t\t\t\t\t<figure class='gallery-item col-2' itemprop='associatedMedia' itemscope itemtype='http:\/\/schema.org\/ImageObject'>\n\t\t\t\t\t\t<div class='gallery-icon landscape'><a href='https:\/\/www.ornding.at\/wp-content\/uploads\/2013\/06\/DSC03311.jpg' itemprop=\"contentURL\"><img loading=\"lazy\" decoding=\"async\" width=\"175\" height=\"117\" src=\"https:\/\/www.ornding.at\/wp-content\/uploads\/2013\/06\/DSC03311.jpg\" class=\"attachment-post-thumbnail size-post-thumbnail\" alt=\"\" srcset=\"https:\/\/www.ornding.at\/wp-content\/uploads\/2013\/06\/DSC03311.jpg 3408w, https:\/\/www.ornding.at\/wp-content\/uploads\/2013\/06\/DSC03311-300x200.jpg 300w, https:\/\/www.ornding.at\/wp-content\/uploads\/2013\/06\/DSC03311-1024x682.jpg 1024w\" sizes=\"auto, (max-width: 175px) 100vw, 175px\" aria-describedby=\"figcaption-441-382\" itemprop=\"thumbnail\" \/><\/a><\/div>\n\t\t\t\t\t\t<figcaption id=\"figcaption-441-382\" class=\"gallery-caption\" itemprop=\"caption\">Kerstin Thain &#038; Ingrid Hohenauer<\/figcaption>\n\t\t\t\t\t<\/figure>\n\t\t\t<\/div><!-- .gallery -->\n\n","protected":false},"excerpt":{"rendered":"<p>Am 21. J\u00e4nner 2014 wurde der Dorfverein Lebendiges Ornding ins Landhaus zur Siegerehrung des Projektwettbewerbs\u00a0der nieder\u00f6sterreichischen Dorf&amp;Stadterneuerung eingeladen. Von 74 eingereichten Projekten war die &#8222;Orndinger Dorfschule&#8220; unter den Finalisten. Stolz <a href=\"https:\/\/www.ornding.at\/?page_id=441\" class=\"more-link\">[&hellip;]<\/a><\/p>\n","protected":false},"author":1,"featured_media":0,"parent":438,"menu_order":0,"comment_status":"open","ping_status":"closed","template":"","meta":{"Layout":"","footnotes":""},"class_list":["entry","author-claudia","post-441","page","type-page","status-publish"],"_links":{"self":[{"href":"https:\/\/www.ornding.at\/index.php?rest_route=\/wp\/v2\/pages\/441","targetHints":{"allow":["GET"]}}],"collection":[{"href":"https:\/\/www.ornding.at\/index.php?rest_route=\/wp\/v2\/pages"}],"about":[{"href":"https:\/\/www.ornding.at\/index.php?rest_route=\/wp\/v2\/types\/page"}],"author":[{"embeddable":true,"href":"https:\/\/www.ornding.at\/index.php?rest_route=\/wp\/v2\/users\/1"}],"replies":[{"embeddable":true,"href":"https:\/\/www.ornding.at\/index.php?rest_route=%2Fwp%2Fv2%2Fcomments&post=441"}],"version-history":[{"count":3,"href":"https:\/\/www.ornding.at\/index.php?rest_route=\/wp\/v2\/pages\/441\/revisions"}],"predecessor-version":[{"id":449,"href":"https:\/\/www.ornding.at\/index.php?rest_route=\/wp\/v2\/pages\/441\/revisions\/449"}],"up":[{"embeddable":true,"href":"https:\/\/www.ornding.at\/index.php?rest_route=\/wp\/v2\/pages\/438"}],"wp:attachment":[{"href":"https:\/\/www.ornding.at\/index.php?rest_route=%2Fwp%2Fv2%2Fmedia&parent=441"}],"curies":[{"name":"wp","href":"https:\/\/api.w.org\/{rel}","templated":true}]}}