{"id":353,"date":"2013-09-27T12:37:00","date_gmt":"2013-09-27T10:37:00","guid":{"rendered":"http:\/\/www.ornding.at\/?page_id=353"},"modified":"2014-03-05T15:00:00","modified_gmt":"2014-03-05T13:00:00","slug":"praesentation-des-orndinger-dorfbuches-uarndlinga-dazoehn","status":"publish","type":"page","link":"https:\/\/www.ornding.at\/?page_id=353","title":{"rendered":"Juni 2013 &#8211; Pr\u00e4sentation des Orndinger Dorfbuches &#8222;Uarndlinga daz\u00f6hn&#8220;"},"content":{"rendered":"<h4 itemprop=\"name\"><strong>Das Orndinger Dorfbuch &#8222;Uarndlinga daz\u00f6hn&#8220; ist auf der Gemeinde P\u00f6chlarn, im Orndinger Dorfwirtshaus, sowie im OK-Haus, Hathis-Shop (Schreibwaren, Spielsachen am Th\u00f6ringplatz) und im &#8222;G&#8217;sch\u00e4ft am Hof&#8216; &#8211; Schwameis erh\u00e4ltlich. Sie erfahren nicht nur die Geschichte von Ornding und weitere interessante und lustige Anekdoten \u00fcber das Dorf, das Buch zeigt die Bewohner und das Leben &#8218;Heute und Damals&#8216;.<\/strong><\/h4>\n<h4><strong>Es gibt auch die M\u00f6glichkeit sich das Buch per Post schicken zu lassen. Dazu melden Sie sich bitte per Mail (dorfverein.ornding@gmail.com) oder unter der Telefonnummer 0650\/3115113 (Claudia Rester).<\/strong><\/h4>\n<p>&nbsp;<\/p>\n<h3><\/h3>\n<h3>Gelungene Pr\u00e4sentation mit Orndinger Hymne beendet!<\/h3>\n<address>Nach 2 \u00bd j\u00e4hriger intensiver Arbeit fand am 29.06.2013 die sehnlichst erwartete Pr\u00e4sentation des Orndinger Dorfbuches \u201eUarndlinga daz\u00f6hn\u201c im Stadl der Fam. Staffenberger statt. \u00dcber 300 G\u00e4ste wurden durch Bernhard Thain und Barbara Komarek charmant durch das abwechslungsreiche Programm gef\u00fchrt, bei dem Zeitzeugen wie Herr Amesberger Anton oder Martin Schwameis Geschichten von anno dazumal und heute erz\u00e4hlten, Ornding in einem Volksschul-Referat als DAS Traumziel f\u00fcr alle Urlauber beschrieben wurde und Frau Kormarek Irene aus ihrem Gedicht \u201eD\u2019Uandlinga\u201c von 1992 vorlas. Musikalisch umrahmt wurde das Programm von der Musikschule P\u00f6chlarn und als Highlight wurde das Publikum mit der neukreierten \u201eUarndlinga Hymne\u201c \u00fcberrascht. Alle konnten mitsingen!<\/address>\n<address>Und f\u00fcr Alle, die nicht in den Genuss kamen, die Hymne live zu erleben, befindet sich folgend der Text (Melodie folgt):<\/address>\n<address>\u00a0<\/address>\n<h4><strong>Uandling bleibt Uandling (&#8222;Dorfhymne&#8220;)<\/strong><\/h4>\n<address>Musik: Bernhard Thain. op. 18<br \/>\nText: Orndinger Dorfgemeinschaft<\/address>\n<address>Refrain:<\/address>\n<address>\u00a0\u00a0\u00a0\u00a0\u00a0 Uandling bleibt Uandling konn kemma wos w\u00fch&#8216;<br \/>\nUandling bleibt Uandling des sogt mia des G&#8217;f\u00fch&#8216;<\/address>\n<address>\u00a0Strophen:<\/address>\n<address>1. Uandling mocht f\u00fcr oid und jung, lauta schene Sochan<br \/>\nvom Bobfoan bis zum Tennissp\u00fchn, z&#8217;samm sitzn und locha<br \/>\nDe Leitln do san kreativ und ideenreich<br \/>\na jeda trogt sein Sacherl bei, irgendwie san olle gleich!<\/address>\n<address>\u00a02. Hoamat trogst im Herzen drinn&#8216;, Uandling host im Sinn<br \/>\nob Bauern- oda Oabeitsstand, do lebst du mittn drinn&#8216;<br \/>\ndu f\u00fchlst di woi und guat aufg&#8217;hobn, koana is da fremd<br \/>\nwei vom Schulkind bis zum Pensionist, a jeda jeden kennt.<\/address>\n<address>\u00a03. Uandling unsa Dorf liegt sche&#8216;, mittn in an Toi<br \/>\numringt von Bergerl und v\u00fc Woid, Landschoft \u00fcberoi<br \/>\nwo onders konn&#8217;s net schena sein, ois bei uns im Dorf<br \/>\nwo&#8217;st hinschaust geht das Herzal auf, do konnst die gfrein.<\/address>\n<address>\u00a0<\/address>\n<address>\n\t\t\t<div id=\"353-1\" class=\"gallery gallery-353 gallery-col-3 gallery-columns-3 gallery-size-post-thumbnail\" itemscope itemtype=\"http:\/\/schema.org\/ImageGallery\">\n\t\t\t\t\t<figure class='gallery-item col-3' itemprop='associatedMedia' itemscope itemtype='http:\/\/schema.org\/ImageObject'>\n\t\t\t\t\t\t<div class='gallery-icon portrait'><a href='https:\/\/www.ornding.at\/wp-content\/uploads\/2013\/06\/IMG_2350-klein.jpg' itemprop=\"contentURL\"><img loading=\"lazy\" decoding=\"async\" width=\"87\" height=\"131\" src=\"https:\/\/www.ornding.at\/wp-content\/uploads\/2013\/06\/IMG_2350-klein.jpg\" class=\"attachment-post-thumbnail size-post-thumbnail\" alt=\"\" srcset=\"https:\/\/www.ornding.at\/wp-content\/uploads\/2013\/06\/IMG_2350-klein.jpg 299w, https:\/\/www.ornding.at\/wp-content\/uploads\/2013\/06\/IMG_2350-klein-200x300.jpg 200w\" sizes=\"auto, (max-width: 87px) 100vw, 87px\" aria-describedby=\"figcaption-353-329\" itemprop=\"thumbnail\" \/><\/a><\/div>\n\t\t\t\t\t\t<figcaption id=\"figcaption-353-329\" class=\"gallery-caption\" itemprop=\"caption\">G\u00e4ste<\/figcaption>\n\t\t\t\t\t<\/figure>\n\t\t\t\t\t<figure class='gallery-item col-3' itemprop='associatedMedia' itemscope itemtype='http:\/\/schema.org\/ImageObject'>\n\t\t\t\t\t\t<div class='gallery-icon landscape'><a href='https:\/\/www.ornding.at\/wp-content\/uploads\/2013\/06\/IMG_2353-klein.jpg' itemprop=\"contentURL\"><img loading=\"lazy\" decoding=\"async\" width=\"175\" height=\"117\" src=\"https:\/\/www.ornding.at\/wp-content\/uploads\/2013\/06\/IMG_2353-klein.jpg\" class=\"attachment-post-thumbnail size-post-thumbnail\" alt=\"\" srcset=\"https:\/\/www.ornding.at\/wp-content\/uploads\/2013\/06\/IMG_2353-klein.jpg 448w, https:\/\/www.ornding.at\/wp-content\/uploads\/2013\/06\/IMG_2353-klein-300x200.jpg 300w\" sizes=\"auto, (max-width: 175px) 100vw, 175px\" aria-describedby=\"figcaption-353-328\" itemprop=\"thumbnail\" \/><\/a><\/div>\n\t\t\t\t\t\t<figcaption id=\"figcaption-353-328\" class=\"gallery-caption\" itemprop=\"caption\">B\u00fcrgermeister Alfred Bergner<\/figcaption>\n\t\t\t\t\t<\/figure>\n\t\t\t\t\t<figure class='gallery-item col-3' itemprop='associatedMedia' itemscope itemtype='http:\/\/schema.org\/ImageObject'>\n\t\t\t\t\t\t<div class='gallery-icon portrait'><a href='https:\/\/www.ornding.at\/wp-content\/uploads\/2013\/06\/IMG_2346-klein1.jpg' itemprop=\"contentURL\"><img loading=\"lazy\" decoding=\"async\" width=\"87\" height=\"131\" src=\"https:\/\/www.ornding.at\/wp-content\/uploads\/2013\/06\/IMG_2346-klein1.jpg\" class=\"attachment-post-thumbnail size-post-thumbnail\" alt=\"\" srcset=\"https:\/\/www.ornding.at\/wp-content\/uploads\/2013\/06\/IMG_2346-klein1.jpg 299w, https:\/\/www.ornding.at\/wp-content\/uploads\/2013\/06\/IMG_2346-klein1-200x300.jpg 200w\" sizes=\"auto, (max-width: 87px) 100vw, 87px\" aria-describedby=\"figcaption-353-327\" itemprop=\"thumbnail\" \/><\/a><\/div>\n\t\t\t\t\t\t<figcaption id=\"figcaption-353-327\" class=\"gallery-caption\" itemprop=\"caption\">Obfrau Ingrid Hohenauer<\/figcaption>\n\t\t\t\t\t<\/figure>\n\t\t\t\t\t<figure class='gallery-item col-3' itemprop='associatedMedia' itemscope itemtype='http:\/\/schema.org\/ImageObject'>\n\t\t\t\t\t\t<div class='gallery-icon landscape'><a href='https:\/\/www.ornding.at\/wp-content\/uploads\/2013\/06\/Riedlinger-in-Ornding-klein.jpg' itemprop=\"contentURL\"><img loading=\"lazy\" decoding=\"async\" width=\"175\" height=\"117\" src=\"https:\/\/www.ornding.at\/wp-content\/uploads\/2013\/06\/Riedlinger-in-Ornding-klein.jpg\" class=\"attachment-post-thumbnail size-post-thumbnail\" alt=\"\" srcset=\"https:\/\/www.ornding.at\/wp-content\/uploads\/2013\/06\/Riedlinger-in-Ornding-klein.jpg 1024w, https:\/\/www.ornding.at\/wp-content\/uploads\/2013\/06\/Riedlinger-in-Ornding-klein-300x199.jpg 300w\" sizes=\"auto, (max-width: 175px) 100vw, 175px\" aria-describedby=\"figcaption-353-326\" itemprop=\"thumbnail\" \/><\/a><\/div>\n\t\t\t\t\t\t<figcaption id=\"figcaption-353-326\" class=\"gallery-caption\" itemprop=\"caption\">Unter den G\u00e4sten: Riedlinger<\/figcaption>\n\t\t\t\t\t<\/figure>\n\t\t\t\t\t<figure class='gallery-item col-3' itemprop='associatedMedia' itemscope itemtype='http:\/\/schema.org\/ImageObject'>\n\t\t\t\t\t\t<div class='gallery-icon landscape'><a href='https:\/\/www.ornding.at\/wp-content\/uploads\/2013\/06\/IMG_3977-klein.jpg' itemprop=\"contentURL\"><img loading=\"lazy\" decoding=\"async\" width=\"175\" height=\"117\" src=\"https:\/\/www.ornding.at\/wp-content\/uploads\/2013\/06\/IMG_3977-klein.jpg\" class=\"attachment-post-thumbnail size-post-thumbnail\" alt=\"\" srcset=\"https:\/\/www.ornding.at\/wp-content\/uploads\/2013\/06\/IMG_3977-klein.jpg 1024w, https:\/\/www.ornding.at\/wp-content\/uploads\/2013\/06\/IMG_3977-klein-300x200.jpg 300w\" sizes=\"auto, (max-width: 175px) 100vw, 175px\" aria-describedby=\"figcaption-353-325\" itemprop=\"thumbnail\" \/><\/a><\/div>\n\t\t\t\t\t\t<figcaption id=\"figcaption-353-325\" class=\"gallery-caption\" itemprop=\"caption\">G\u00e4ste<\/figcaption>\n\t\t\t\t\t<\/figure>\n\t\t\t\t\t<figure class='gallery-item col-3' itemprop='associatedMedia' itemscope itemtype='http:\/\/schema.org\/ImageObject'>\n\t\t\t\t\t\t<div class='gallery-icon portrait'><a href='https:\/\/www.ornding.at\/wp-content\/uploads\/2013\/06\/IMG_4110-klein.jpg' itemprop=\"contentURL\"><img loading=\"lazy\" decoding=\"async\" width=\"87\" height=\"131\" src=\"https:\/\/www.ornding.at\/wp-content\/uploads\/2013\/06\/IMG_4110-klein.jpg\" class=\"attachment-post-thumbnail size-post-thumbnail\" alt=\"\" srcset=\"https:\/\/www.ornding.at\/wp-content\/uploads\/2013\/06\/IMG_4110-klein.jpg 299w, https:\/\/www.ornding.at\/wp-content\/uploads\/2013\/06\/IMG_4110-klein-200x300.jpg 200w\" sizes=\"auto, (max-width: 87px) 100vw, 87px\" aria-describedby=\"figcaption-353-324\" itemprop=\"thumbnail\" \/><\/a><\/div>\n\t\t\t\t\t\t<figcaption id=\"figcaption-353-324\" class=\"gallery-caption\" itemprop=\"caption\">Orndinger Hymne wurde vorgetragen (Christine Thain, Berhard Thain, Martin Schwameis)<\/figcaption>\n\t\t\t\t\t<\/figure>\n\t\t\t\t\t<figure class='gallery-item col-3' itemprop='associatedMedia' itemscope itemtype='http:\/\/schema.org\/ImageObject'>\n\t\t\t\t\t\t<div class='gallery-icon landscape'><a href='https:\/\/www.ornding.at\/wp-content\/uploads\/2013\/06\/IMG_2430-klein.jpg' itemprop=\"contentURL\"><img loading=\"lazy\" decoding=\"async\" width=\"175\" height=\"117\" src=\"https:\/\/www.ornding.at\/wp-content\/uploads\/2013\/06\/IMG_2430-klein.jpg\" class=\"attachment-post-thumbnail size-post-thumbnail\" alt=\"\" srcset=\"https:\/\/www.ornding.at\/wp-content\/uploads\/2013\/06\/IMG_2430-klein.jpg 5184w, https:\/\/www.ornding.at\/wp-content\/uploads\/2013\/06\/IMG_2430-klein-300x200.jpg 300w, https:\/\/www.ornding.at\/wp-content\/uploads\/2013\/06\/IMG_2430-klein-1024x682.jpg 1024w\" sizes=\"auto, (max-width: 175px) 100vw, 175px\" aria-describedby=\"figcaption-353-323\" itemprop=\"thumbnail\" \/><\/a><\/div>\n\t\t\t\t\t\t<figcaption id=\"figcaption-353-323\" class=\"gallery-caption\" itemprop=\"caption\">Orndinger Hymne mit musikalischer Unterst\u00fctzung<\/figcaption>\n\t\t\t\t\t<\/figure>\n\t\t\t\t\t<figure class='gallery-item col-3' itemprop='associatedMedia' itemscope itemtype='http:\/\/schema.org\/ImageObject'>\n\t\t\t\t\t\t<div class='gallery-icon portrait'><a href='https:\/\/www.ornding.at\/wp-content\/uploads\/2013\/06\/IMG_2391-klein.jpg' itemprop=\"contentURL\"><img loading=\"lazy\" decoding=\"async\" width=\"87\" height=\"131\" src=\"https:\/\/www.ornding.at\/wp-content\/uploads\/2013\/06\/IMG_2391-klein.jpg\" class=\"attachment-post-thumbnail size-post-thumbnail\" alt=\"\" srcset=\"https:\/\/www.ornding.at\/wp-content\/uploads\/2013\/06\/IMG_2391-klein.jpg 299w, https:\/\/www.ornding.at\/wp-content\/uploads\/2013\/06\/IMG_2391-klein-200x300.jpg 200w\" sizes=\"auto, (max-width: 87px) 100vw, 87px\" aria-describedby=\"figcaption-353-322\" itemprop=\"thumbnail\" \/><\/a><\/div>\n\t\t\t\t\t\t<figcaption id=\"figcaption-353-322\" class=\"gallery-caption\" itemprop=\"caption\">Gedicht vorgetragen von Kerstin Moser<\/figcaption>\n\t\t\t\t\t<\/figure>\n\t\t\t\t\t<figure class='gallery-item col-3' itemprop='associatedMedia' itemscope itemtype='http:\/\/schema.org\/ImageObject'>\n\t\t\t\t\t\t<div class='gallery-icon landscape'><a href='https:\/\/www.ornding.at\/wp-content\/uploads\/2013\/06\/IMG_2408-klein.jpg' itemprop=\"contentURL\"><img loading=\"lazy\" decoding=\"async\" width=\"175\" height=\"117\" src=\"https:\/\/www.ornding.at\/wp-content\/uploads\/2013\/06\/IMG_2408-klein.jpg\" class=\"attachment-post-thumbnail size-post-thumbnail\" alt=\"\" srcset=\"https:\/\/www.ornding.at\/wp-content\/uploads\/2013\/06\/IMG_2408-klein.jpg 448w, https:\/\/www.ornding.at\/wp-content\/uploads\/2013\/06\/IMG_2408-klein-300x200.jpg 300w\" sizes=\"auto, (max-width: 175px) 100vw, 175px\" aria-describedby=\"figcaption-353-321\" itemprop=\"thumbnail\" \/><\/a><\/div>\n\t\t\t\t\t\t<figcaption id=\"figcaption-353-321\" class=\"gallery-caption\" itemprop=\"caption\">Unsere Sponsoren<\/figcaption>\n\t\t\t\t\t<\/figure>\n\t\t\t\t\t<figure class='gallery-item col-3' itemprop='associatedMedia' itemscope itemtype='http:\/\/schema.org\/ImageObject'>\n\t\t\t\t\t\t<div class='gallery-icon landscape'><a href='https:\/\/www.ornding.at\/wp-content\/uploads\/2013\/06\/IMG_2424-klein.jpg' itemprop=\"contentURL\"><img loading=\"lazy\" decoding=\"async\" width=\"175\" height=\"117\" src=\"https:\/\/www.ornding.at\/wp-content\/uploads\/2013\/06\/IMG_2424-klein.jpg\" class=\"attachment-post-thumbnail size-post-thumbnail\" alt=\"\" srcset=\"https:\/\/www.ornding.at\/wp-content\/uploads\/2013\/06\/IMG_2424-klein.jpg 448w, https:\/\/www.ornding.at\/wp-content\/uploads\/2013\/06\/IMG_2424-klein-300x200.jpg 300w\" sizes=\"auto, (max-width: 175px) 100vw, 175px\" aria-describedby=\"figcaption-353-320\" itemprop=\"thumbnail\" \/><\/a><\/div>\n\t\t\t\t\t\t<figcaption id=\"figcaption-353-320\" class=\"gallery-caption\" itemprop=\"caption\">Danke an die Helfer<\/figcaption>\n\t\t\t\t\t<\/figure>\n\t\t\t\t\t<figure class='gallery-item col-3' itemprop='associatedMedia' itemscope itemtype='http:\/\/schema.org\/ImageObject'>\n\t\t\t\t\t\t<div class='gallery-icon landscape'><a href='https:\/\/www.ornding.at\/wp-content\/uploads\/2013\/06\/IMG_2355-klein.jpg' itemprop=\"contentURL\"><img loading=\"lazy\" decoding=\"async\" width=\"175\" height=\"117\" src=\"https:\/\/www.ornding.at\/wp-content\/uploads\/2013\/06\/IMG_2355-klein.jpg\" class=\"attachment-post-thumbnail size-post-thumbnail\" alt=\"\" srcset=\"https:\/\/www.ornding.at\/wp-content\/uploads\/2013\/06\/IMG_2355-klein.jpg 448w, https:\/\/www.ornding.at\/wp-content\/uploads\/2013\/06\/IMG_2355-klein-300x200.jpg 300w\" sizes=\"auto, (max-width: 175px) 100vw, 175px\" aria-describedby=\"figcaption-353-319\" itemprop=\"thumbnail\" \/><\/a><\/div>\n\t\t\t\t\t\t<figcaption id=\"figcaption-353-319\" class=\"gallery-caption\" itemprop=\"caption\">Musikschule P\u00f6chlarn<\/figcaption>\n\t\t\t\t\t<\/figure>\n\t\t\t\t\t<figure class='gallery-item col-3' itemprop='associatedMedia' itemscope itemtype='http:\/\/schema.org\/ImageObject'>\n\t\t\t\t\t\t<div class='gallery-icon landscape'><a href='https:\/\/www.ornding.at\/wp-content\/uploads\/2013\/06\/IMG_2372-klein.jpg' itemprop=\"contentURL\"><img loading=\"lazy\" decoding=\"async\" width=\"175\" height=\"117\" src=\"https:\/\/www.ornding.at\/wp-content\/uploads\/2013\/06\/IMG_2372-klein.jpg\" class=\"attachment-post-thumbnail size-post-thumbnail\" alt=\"\" srcset=\"https:\/\/www.ornding.at\/wp-content\/uploads\/2013\/06\/IMG_2372-klein.jpg 448w, https:\/\/www.ornding.at\/wp-content\/uploads\/2013\/06\/IMG_2372-klein-300x200.jpg 300w\" sizes=\"auto, (max-width: 175px) 100vw, 175px\" aria-describedby=\"figcaption-353-318\" itemprop=\"thumbnail\" \/><\/a><\/div>\n\t\t\t\t\t\t<figcaption id=\"figcaption-353-318\" class=\"gallery-caption\" itemprop=\"caption\">Gedicht vorgetragen von Fr. Komarek<\/figcaption>\n\t\t\t\t\t<\/figure>\n\t\t\t\t\t<figure class='gallery-item col-3' itemprop='associatedMedia' itemscope itemtype='http:\/\/schema.org\/ImageObject'>\n\t\t\t\t\t\t<div class='gallery-icon landscape'><a href='https:\/\/www.ornding.at\/wp-content\/uploads\/2013\/06\/IMG_2387-klein.jpg' itemprop=\"contentURL\"><img loading=\"lazy\" decoding=\"async\" width=\"175\" height=\"117\" src=\"https:\/\/www.ornding.at\/wp-content\/uploads\/2013\/06\/IMG_2387-klein.jpg\" class=\"attachment-post-thumbnail size-post-thumbnail\" alt=\"\" srcset=\"https:\/\/www.ornding.at\/wp-content\/uploads\/2013\/06\/IMG_2387-klein.jpg 448w, https:\/\/www.ornding.at\/wp-content\/uploads\/2013\/06\/IMG_2387-klein-300x200.jpg 300w\" sizes=\"auto, (max-width: 175px) 100vw, 175px\" aria-describedby=\"figcaption-353-317\" itemprop=\"thumbnail\" \/><\/a><\/div>\n\t\t\t\t\t\t<figcaption id=\"figcaption-353-317\" class=\"gallery-caption\" itemprop=\"caption\">Interview mit \u00e4ltester Uandlingerin Fr. Thain<\/figcaption>\n\t\t\t\t\t<\/figure>\n\t\t\t\t\t<figure class='gallery-item col-3' itemprop='associatedMedia' itemscope itemtype='http:\/\/schema.org\/ImageObject'>\n\t\t\t\t\t\t<div class='gallery-icon landscape'><a href='https:\/\/www.ornding.at\/wp-content\/uploads\/2013\/06\/IMG_2383klein.jpg' itemprop=\"contentURL\"><img loading=\"lazy\" decoding=\"async\" width=\"175\" height=\"117\" src=\"https:\/\/www.ornding.at\/wp-content\/uploads\/2013\/06\/IMG_2383klein.jpg\" class=\"attachment-post-thumbnail size-post-thumbnail\" alt=\"\" srcset=\"https:\/\/www.ornding.at\/wp-content\/uploads\/2013\/06\/IMG_2383klein.jpg 448w, https:\/\/www.ornding.at\/wp-content\/uploads\/2013\/06\/IMG_2383klein-300x200.jpg 300w\" sizes=\"auto, (max-width: 175px) 100vw, 175px\" aria-describedby=\"figcaption-353-316\" itemprop=\"thumbnail\" \/><\/a><\/div>\n\t\t\t\t\t\t<figcaption id=\"figcaption-353-316\" class=\"gallery-caption\" itemprop=\"caption\">gem\u00fctliche Runde<\/figcaption>\n\t\t\t\t\t<\/figure>\n\t\t\t\t\t<figure class='gallery-item col-3' itemprop='associatedMedia' itemscope itemtype='http:\/\/schema.org\/ImageObject'>\n\t\t\t\t\t\t<div class='gallery-icon portrait'><a href='https:\/\/www.ornding.at\/wp-content\/uploads\/2013\/06\/IMG_2346-klein.jpg' itemprop=\"contentURL\"><img loading=\"lazy\" decoding=\"async\" width=\"87\" height=\"131\" src=\"https:\/\/www.ornding.at\/wp-content\/uploads\/2013\/06\/IMG_2346-klein.jpg\" class=\"attachment-post-thumbnail size-post-thumbnail\" alt=\"\" srcset=\"https:\/\/www.ornding.at\/wp-content\/uploads\/2013\/06\/IMG_2346-klein.jpg 299w, https:\/\/www.ornding.at\/wp-content\/uploads\/2013\/06\/IMG_2346-klein-200x300.jpg 200w\" sizes=\"auto, (max-width: 87px) 100vw, 87px\" aria-describedby=\"figcaption-353-315\" itemprop=\"thumbnail\" \/><\/a><\/div>\n\t\t\t\t\t\t<figcaption id=\"figcaption-353-315\" class=\"gallery-caption\" itemprop=\"caption\">Obfrau Ingrid Hohenauer<\/figcaption>\n\t\t\t\t\t<\/figure>\n\t\t\t\t\t<figure class='gallery-item col-3' itemprop='associatedMedia' itemscope itemtype='http:\/\/schema.org\/ImageObject'>\n\t\t\t\t\t\t<div class='gallery-icon landscape'><a href='https:\/\/www.ornding.at\/wp-content\/uploads\/2013\/06\/IMG_2345-klein.jpg' itemprop=\"contentURL\"><img loading=\"lazy\" decoding=\"async\" width=\"175\" height=\"117\" src=\"https:\/\/www.ornding.at\/wp-content\/uploads\/2013\/06\/IMG_2345-klein.jpg\" class=\"attachment-post-thumbnail size-post-thumbnail\" alt=\"\" srcset=\"https:\/\/www.ornding.at\/wp-content\/uploads\/2013\/06\/IMG_2345-klein.jpg 448w, https:\/\/www.ornding.at\/wp-content\/uploads\/2013\/06\/IMG_2345-klein-300x200.jpg 300w\" sizes=\"auto, (max-width: 175px) 100vw, 175px\" aria-describedby=\"figcaption-353-314\" itemprop=\"thumbnail\" \/><\/a><\/div>\n\t\t\t\t\t\t<figcaption id=\"figcaption-353-314\" class=\"gallery-caption\" itemprop=\"caption\">Moderation: Barbara Komarek &#038; Bernhard Thain<\/figcaption>\n\t\t\t\t\t<\/figure>\n\t\t\t<\/div><!-- .gallery -->\n<\/p>\n<\/address>\n<address><img decoding=\"async\" title=\"gallery link=&quot;file&quot; ids=&quot;329,328,327,326,325,324,323,322,321,320,319,318,317,316,315,314&quot;\" alt=\"\" src=\"https:\/\/www.ornding.at\/wp-includes\/js\/tinymce\/plugins\/wpgallery\/img\/t.gif\" \/><\/address>\n<address><img decoding=\"async\" title=\"gallery link=&quot;file&quot; ids=&quot;314,315,318,328,316,317,322,319,320,321,323,324,325,329,326&quot;\" alt=\"\" src=\"https:\/\/www.ornding.at\/wp-includes\/js\/tinymce\/plugins\/wpgallery\/img\/t.gif\" \/><\/address>\n","protected":false},"excerpt":{"rendered":"<p>Das Orndinger Dorfbuch &#8222;Uarndlinga daz\u00f6hn&#8220; ist auf der Gemeinde P\u00f6chlarn, im Orndinger Dorfwirtshaus, sowie im OK-Haus, Hathis-Shop (Schreibwaren, Spielsachen am Th\u00f6ringplatz) und im &#8222;G&#8217;sch\u00e4ft am Hof&#8216; &#8211; Schwameis erh\u00e4ltlich. Sie <a href=\"https:\/\/www.ornding.at\/?page_id=353\" class=\"more-link\">[&hellip;]<\/a><\/p>\n","protected":false},"author":1,"featured_media":0,"parent":145,"menu_order":0,"comment_status":"open","ping_status":"closed","template":"","meta":{"Layout":"","footnotes":""},"class_list":["entry","author-claudia","post-353","page","type-page","status-publish"],"_links":{"self":[{"href":"https:\/\/www.ornding.at\/index.php?rest_route=\/wp\/v2\/pages\/353","targetHints":{"allow":["GET"]}}],"collection":[{"href":"https:\/\/www.ornding.at\/index.php?rest_route=\/wp\/v2\/pages"}],"about":[{"href":"https:\/\/www.ornding.at\/index.php?rest_route=\/wp\/v2\/types\/page"}],"author":[{"embeddable":true,"href":"https:\/\/www.ornding.at\/index.php?rest_route=\/wp\/v2\/users\/1"}],"replies":[{"embeddable":true,"href":"https:\/\/www.ornding.at\/index.php?rest_route=%2Fwp%2Fv2%2Fcomments&post=353"}],"version-history":[{"count":5,"href":"https:\/\/www.ornding.at\/index.php?rest_route=\/wp\/v2\/pages\/353\/revisions"}],"predecessor-version":[{"id":428,"href":"https:\/\/www.ornding.at\/index.php?rest_route=\/wp\/v2\/pages\/353\/revisions\/428"}],"up":[{"embeddable":true,"href":"https:\/\/www.ornding.at\/index.php?rest_route=\/wp\/v2\/pages\/145"}],"wp:attachment":[{"href":"https:\/\/www.ornding.at\/index.php?rest_route=%2Fwp%2Fv2%2Fmedia&parent=353"}],"curies":[{"name":"wp","href":"https:\/\/api.w.org\/{rel}","templated":true}]}}