{"id":3132,"date":"2019-05-05T20:20:39","date_gmt":"2019-05-05T19:20:39","guid":{"rendered":"https:\/\/www.ornding.at\/?page_id=3132"},"modified":"2019-05-05T20:20:40","modified_gmt":"2019-05-05T19:20:40","slug":"maibaum-aufstellen-2019","status":"publish","type":"page","link":"https:\/\/www.ornding.at\/?page_id=3132","title":{"rendered":"Maibaum aufstellen 2019"},"content":{"rendered":"\n<p>Aufgrund des Wetters wurde das diesj\u00e4hrige traditionelle Maibaum aufstellen am Orndinger Sportplatz auf den 1. Mai verschoben. Und das Wetter wurde wirklich besser und wir konnten am Nachmittag bei sch\u00f6nem Wetter unseren Maibaum auf traditionelle Weise aufstellen. Nach der getanen Arbeit gab es wie jedes Jahr Grillw\u00fcrstel, Pommes und ein k\u00fchles Bier. Auch auch die Lose mit tollen Gewinnen wurden zahlreich verkauft. Bei der Ziehung halfen unsere j\u00fcngsten Engerl mit und die Gewinner waren:<\/p>\n\n\n\n<ol class=\"wp-block-list\"><li>Preis: Maibaum &amp; Gutschein vom Hotel Moser P\u00f6chlarn im Wert von 50\u20ac ging an Herbert Gruber<\/li><li>Preis: Gutschein vom Gasthaus Gramel im Wert von 50\u20ac ging an Monika Dorn<\/li><li>Preis: Gutschein vom Orndinger Dorfwirtshaus im Wert von 30\u20ac ging an Jakob Gruber<\/li><li>Preis: Gutschein vom Johny&#8217;s P\u00f6chlarn im Wert von 30\u20ac ging an Matthias Komarek<\/li><\/ol>\n\n\n\n<p>Die freiwillige Feuerwehr bedankt sich bei allen Mitwirkenden!<\/p>\n\n\n\n<p><\/p>\n\n\n\n<figure class=\"wp-block-image\"><img loading=\"lazy\" decoding=\"async\" width=\"1024\" height=\"768\" src=\"https:\/\/www.ornding.at\/wp-content\/uploads\/2019\/05\/DSC03080-1024x768.jpg\" alt=\"\" class=\"wp-image-3133\" srcset=\"https:\/\/www.ornding.at\/wp-content\/uploads\/2019\/05\/DSC03080.jpg 1024w, https:\/\/www.ornding.at\/wp-content\/uploads\/2019\/05\/DSC03080-300x225.jpg 300w, https:\/\/www.ornding.at\/wp-content\/uploads\/2019\/05\/DSC03080-768x576.jpg 768w, https:\/\/www.ornding.at\/wp-content\/uploads\/2019\/05\/DSC03080-175x131.jpg 175w, https:\/\/www.ornding.at\/wp-content\/uploads\/2019\/05\/DSC03080-667x500.jpg 667w\" sizes=\"auto, (max-width: 1024px) 100vw, 1024px\" \/><\/figure>\n\n\n\n<figure class=\"wp-block-image\"><img loading=\"lazy\" decoding=\"async\" width=\"1024\" height=\"768\" src=\"https:\/\/www.ornding.at\/wp-content\/uploads\/2019\/05\/DSC03083-1024x768.jpg\" alt=\"\" class=\"wp-image-3134\" srcset=\"https:\/\/www.ornding.at\/wp-content\/uploads\/2019\/05\/DSC03083.jpg 1024w, https:\/\/www.ornding.at\/wp-content\/uploads\/2019\/05\/DSC03083-300x225.jpg 300w, https:\/\/www.ornding.at\/wp-content\/uploads\/2019\/05\/DSC03083-768x576.jpg 768w, https:\/\/www.ornding.at\/wp-content\/uploads\/2019\/05\/DSC03083-175x131.jpg 175w, https:\/\/www.ornding.at\/wp-content\/uploads\/2019\/05\/DSC03083-667x500.jpg 667w\" sizes=\"auto, (max-width: 1024px) 100vw, 1024px\" \/><\/figure>\n\n\n\n<figure class=\"wp-block-image\"><img loading=\"lazy\" decoding=\"async\" width=\"1024\" height=\"768\" src=\"https:\/\/www.ornding.at\/wp-content\/uploads\/2019\/05\/DSC03092-1024x768.jpg\" alt=\"\" class=\"wp-image-3136\" srcset=\"https:\/\/www.ornding.at\/wp-content\/uploads\/2019\/05\/DSC03092.jpg 1024w, https:\/\/www.ornding.at\/wp-content\/uploads\/2019\/05\/DSC03092-300x225.jpg 300w, https:\/\/www.ornding.at\/wp-content\/uploads\/2019\/05\/DSC03092-768x576.jpg 768w, https:\/\/www.ornding.at\/wp-content\/uploads\/2019\/05\/DSC03092-175x131.jpg 175w, https:\/\/www.ornding.at\/wp-content\/uploads\/2019\/05\/DSC03092-667x500.jpg 667w\" sizes=\"auto, (max-width: 1024px) 100vw, 1024px\" \/><\/figure>\n\n\n\n<figure class=\"wp-block-image\"><img loading=\"lazy\" decoding=\"async\" width=\"1024\" height=\"768\" src=\"https:\/\/www.ornding.at\/wp-content\/uploads\/2019\/05\/DSC03093-1024x768.jpg\" alt=\"\" class=\"wp-image-3137\" srcset=\"https:\/\/www.ornding.at\/wp-content\/uploads\/2019\/05\/DSC03093.jpg 1024w, https:\/\/www.ornding.at\/wp-content\/uploads\/2019\/05\/DSC03093-300x225.jpg 300w, https:\/\/www.ornding.at\/wp-content\/uploads\/2019\/05\/DSC03093-768x576.jpg 768w, https:\/\/www.ornding.at\/wp-content\/uploads\/2019\/05\/DSC03093-175x131.jpg 175w, https:\/\/www.ornding.at\/wp-content\/uploads\/2019\/05\/DSC03093-667x500.jpg 667w\" sizes=\"auto, (max-width: 1024px) 100vw, 1024px\" \/><\/figure>\n\n\n\n<figure class=\"wp-block-image\"><img loading=\"lazy\" decoding=\"async\" width=\"1024\" height=\"768\" src=\"https:\/\/www.ornding.at\/wp-content\/uploads\/2019\/05\/DSC03115-1024x768.jpg\" alt=\"\" class=\"wp-image-3138\" srcset=\"https:\/\/www.ornding.at\/wp-content\/uploads\/2019\/05\/DSC03115.jpg 1024w, https:\/\/www.ornding.at\/wp-content\/uploads\/2019\/05\/DSC03115-300x225.jpg 300w, https:\/\/www.ornding.at\/wp-content\/uploads\/2019\/05\/DSC03115-768x576.jpg 768w, https:\/\/www.ornding.at\/wp-content\/uploads\/2019\/05\/DSC03115-175x131.jpg 175w, https:\/\/www.ornding.at\/wp-content\/uploads\/2019\/05\/DSC03115-667x500.jpg 667w\" sizes=\"auto, (max-width: 1024px) 100vw, 1024px\" \/><\/figure>\n\n\n\n<figure class=\"wp-block-image\"><img decoding=\"async\" src=\"https:\/\/www.ornding.at\/wp-content\/uploads\/2019\/05\/DSC03088-2-1024x768.jpg\" alt=\"\" class=\"wp-image-3140\"\/><\/figure>\n","protected":false},"excerpt":{"rendered":"<p>Aufgrund des Wetters wurde das diesj\u00e4hrige traditionelle Maibaum aufstellen am Orndinger Sportplatz auf den 1. Mai verschoben. Und das Wetter wurde wirklich besser und wir konnten am Nachmittag bei sch\u00f6nem <a href=\"https:\/\/www.ornding.at\/?page_id=3132\" class=\"more-link\">[&hellip;]<\/a><\/p>\n","protected":false},"author":1,"featured_media":0,"parent":0,"menu_order":0,"comment_status":"closed","ping_status":"closed","template":"","meta":{"Layout":"","footnotes":""},"class_list":["entry","author-claudia","post-3132","page","type-page","status-publish"],"_links":{"self":[{"href":"https:\/\/www.ornding.at\/index.php?rest_route=\/wp\/v2\/pages\/3132","targetHints":{"allow":["GET"]}}],"collection":[{"href":"https:\/\/www.ornding.at\/index.php?rest_route=\/wp\/v2\/pages"}],"about":[{"href":"https:\/\/www.ornding.at\/index.php?rest_route=\/wp\/v2\/types\/page"}],"author":[{"embeddable":true,"href":"https:\/\/www.ornding.at\/index.php?rest_route=\/wp\/v2\/users\/1"}],"replies":[{"embeddable":true,"href":"https:\/\/www.ornding.at\/index.php?rest_route=%2Fwp%2Fv2%2Fcomments&post=3132"}],"version-history":[{"count":1,"href":"https:\/\/www.ornding.at\/index.php?rest_route=\/wp\/v2\/pages\/3132\/revisions"}],"predecessor-version":[{"id":3142,"href":"https:\/\/www.ornding.at\/index.php?rest_route=\/wp\/v2\/pages\/3132\/revisions\/3142"}],"wp:attachment":[{"href":"https:\/\/www.ornding.at\/index.php?rest_route=%2Fwp%2Fv2%2Fmedia&parent=3132"}],"curies":[{"name":"wp","href":"https:\/\/api.w.org\/{rel}","templated":true}]}}