{"id":27,"date":"2013-06-17T13:27:38","date_gmt":"2013-06-17T11:27:38","guid":{"rendered":"http:\/\/www.ornding.at\/?page_id=27"},"modified":"2018-07-05T20:02:31","modified_gmt":"2018-07-05T19:02:31","slug":"orndinger-dorfschule","status":"publish","type":"page","link":"https:\/\/www.ornding.at\/?page_id=27","title":{"rendered":"Orndinger Dorfschule"},"content":{"rendered":"<h5>Alle Kurse befinden sich auch im Veranstaltungskalender.<\/h5>\n<p>&nbsp;<\/p>\n<p>&nbsp;<\/p>\n<h2><span style=\"text-decoration: underline;\"><strong>Derzeit laufende Kurse &amp; Vorschau 2018:<br \/>\n<\/strong><\/span><\/h2>\n<ul>\n<li><b>Kundalini-Yoga<\/b> mit Elfriede Schillhuber \u2013 DI, 19 \u2013 20:45 Uhr (Einstieg jederzeit, 0660 76 91 610) &#8211; eine kraftvolle Methode der K\u00f6rper- und Energiearbeit, die es jedem erm\u00f6glicht, sein volles menschliches Potential kennenzulernen und zu leben<\/li>\n<\/ul>\n<p>&nbsp;<\/p>\n<p>&nbsp;<\/p>\n<p>Interessierte ANBIETER bitte bei Claudia Rester (0650\/3115113) melden. Dann k\u00f6nnen Details f\u00fcr Kurse, Kurszeitpunkt usw. besprochen werden.<\/p>\n<p>Interessierte TEILNEHMER bitte bei den Zust\u00e4ndigen Kursanbietern (siehe oben) melden.<\/p>\n<p>&nbsp;<\/p>\n<p><span style=\"text-decoration: underline;\">Leitbild der Orndinger Dorfschule:<\/span><\/p>\n<ol>\n<li>Vielfalt des Lebens<\/li>\n<li>Begegnung zwischen den Generationen<\/li>\n<li>Bildung im Herzen des Dorfes<\/li>\n<\/ol>\n<p><span style=\"text-decoration: underline;\">Haftungsausschluss:<\/span><\/p>\n<p>Jeder Kursteilnehmer bzw. bei einem minderj\u00e4hrigen Kursteilnehmer der Erziehungsberechtigte erkl\u00e4rt mit seiner Anmeldung ausdr\u00fccklich, dass er eigenverantwortlich handeln kann, ausreichend versichert ist und den \u201eDorfverein Lebendiges Ornding\u201c als Veranstalter bzw. den jeweiligen Kursleiter von etwaigen Haftungen freistellt und vollkommen schad- und klaglos h\u00e4lt. Dar\u00fcber hinaus nimmt jeder Kursteilnehmer bzw. bei einem minderj\u00e4hrigen Kursteilnehmer der Erziehungsberechtigte zur Kenntnis, dass der \u201eDorfverein Lebendiges Ornding\u201c weder f\u00fcr Verlust noch f\u00fcr Untergang von Kleidungsst\u00fccken, Wertsachen oder sonstigen Gegenst\u00e4nden haftet.<\/p>\n","protected":false},"excerpt":{"rendered":"<p>Alle Kurse befinden sich auch im Veranstaltungskalender. &nbsp; &nbsp; Derzeit laufende Kurse &amp; Vorschau 2018: Kundalini-Yoga mit Elfriede Schillhuber \u2013 DI, 19 \u2013 20:45 Uhr (Einstieg jederzeit, 0660 76 91 <a href=\"https:\/\/www.ornding.at\/?page_id=27\" class=\"more-link\">[&hellip;]<\/a><\/p>\n","protected":false},"author":1,"featured_media":0,"parent":0,"menu_order":4,"comment_status":"open","ping_status":"closed","template":"","meta":{"Layout":"","footnotes":""},"class_list":["entry","author-claudia","post-27","page","type-page","status-publish"],"_links":{"self":[{"href":"https:\/\/www.ornding.at\/index.php?rest_route=\/wp\/v2\/pages\/27","targetHints":{"allow":["GET"]}}],"collection":[{"href":"https:\/\/www.ornding.at\/index.php?rest_route=\/wp\/v2\/pages"}],"about":[{"href":"https:\/\/www.ornding.at\/index.php?rest_route=\/wp\/v2\/types\/page"}],"author":[{"embeddable":true,"href":"https:\/\/www.ornding.at\/index.php?rest_route=\/wp\/v2\/users\/1"}],"replies":[{"embeddable":true,"href":"https:\/\/www.ornding.at\/index.php?rest_route=%2Fwp%2Fv2%2Fcomments&post=27"}],"version-history":[{"count":38,"href":"https:\/\/www.ornding.at\/index.php?rest_route=\/wp\/v2\/pages\/27\/revisions"}],"predecessor-version":[{"id":2706,"href":"https:\/\/www.ornding.at\/index.php?rest_route=\/wp\/v2\/pages\/27\/revisions\/2706"}],"wp:attachment":[{"href":"https:\/\/www.ornding.at\/index.php?rest_route=%2Fwp%2Fv2%2Fmedia&parent=27"}],"curies":[{"name":"wp","href":"https:\/\/api.w.org\/{rel}","templated":true}]}}