{"id":2653,"date":"2018-04-16T18:50:31","date_gmt":"2018-04-16T17:50:31","guid":{"rendered":"http:\/\/www.ornding.at\/?page_id=2653"},"modified":"2018-04-16T18:50:31","modified_gmt":"2018-04-16T17:50:31","slug":"april-2018-14-baby-und-kinderbasar","status":"publish","type":"page","link":"https:\/\/www.ornding.at\/?page_id=2653","title":{"rendered":"April 2018 &#8211; 14. Baby- und Kinderbasar"},"content":{"rendered":"<p>Der 14. Orndinger Baby- und Kinderbasar ist letzten Samstag erfolgreich \u00fcber die B\u00fchne gegangen und das mit der Hilfe vieler Ehrenamtlicher! Dankesch\u00f6n.<\/p>\n<p>Folgend ein paar Infos und Eindr\u00fccke vom Fr\u00fchjahrsbasar in Ornding:<\/p>\n<p>In Summe haben 66 Verk\u00e4uferInnen (nahezu H\u00f6chststand) die bisher gr\u00f6\u00dfte Anzahl gebracht \u2013 2.675 St\u00fcck. Nachdem vielleicht das Wetter zu sch\u00f6n war, blieb der ganz gro\u00dfe Ansturm aus, somit wechselten leicht unterdurchschnittliche 22 % den Besitzer oder die Besitzerin. Was dieses Mal wieder toll war: es konnte von allen Verk\u00e4uferInnen Waren verkauft werden!<\/p>\n<p>Somit blieben noch \u00fcber 2.000 St\u00fcck zum Zur\u00fccksortieren \u00fcbrig, das dauert einige Zeit &#x1f609; Daf\u00fcr gab es wie immer eine gro\u00dfe Anzahl von HelferInnen, die daf\u00fcr sorgten, dass wir nicht bis tief in die Nacht brauchten! Sollte zuk\u00fcnftig jemand Helfen wollen (die M\u00f6glichkeiten sind von der Annahme \u00fcber den Verkauf bis hin zum Zur\u00fccksortieren \u00fcber den Tag verteilt sehr vielf\u00e4ltig), so nehmen wir jede Hilfe gerne an. Der gro\u00dfe Vorteil dabei ist ja, dass man bereits VOR dem Ansturm in Ruhe einkaufen kann &#x1f642;<\/p>\n<p>Wie immer gibt es auch wieder ein paar Eindr\u00fccke auf den Fotos im Anhang.<\/p>\n<p>LG \u2013 Matthias &amp; Barbara f\u00fcr das Basarteam der MUKI-Runde und vom \u201eDorfverein Lebendiges Ornding\u201c<\/p>\n<p>&nbsp;<\/p>\n\n\t\t\t<div id=\"2653-1\" class=\"gallery gallery-2653 gallery-col-2 gallery-columns-2 gallery-size-large\" itemscope itemtype=\"http:\/\/schema.org\/ImageGallery\">\n\t\t\t\t\t<figure class='gallery-item col-2' itemprop='associatedMedia' itemscope itemtype='http:\/\/schema.org\/ImageObject'>\n\t\t\t\t\t\t<div class='gallery-icon landscape'><a href='https:\/\/www.ornding.at\/wp-content\/uploads\/2018\/04\/Au\u00dfenverkauf-FILEminimizer.jpg' itemprop=\"contentURL\"><img loading=\"lazy\" decoding=\"async\" width=\"1024\" height=\"683\" src=\"https:\/\/www.ornding.at\/wp-content\/uploads\/2018\/04\/Au\u00dfenverkauf-FILEminimizer-1024x683.jpg\" class=\"attachment-large size-large\" alt=\"\" srcset=\"https:\/\/www.ornding.at\/wp-content\/uploads\/2018\/04\/Au\u00dfenverkauf-FILEminimizer-1024x683.jpg 1024w, https:\/\/www.ornding.at\/wp-content\/uploads\/2018\/04\/Au\u00dfenverkauf-FILEminimizer-300x200.jpg 300w, https:\/\/www.ornding.at\/wp-content\/uploads\/2018\/04\/Au\u00dfenverkauf-FILEminimizer-768x512.jpg 768w, https:\/\/www.ornding.at\/wp-content\/uploads\/2018\/04\/Au\u00dfenverkauf-FILEminimizer-750x500.jpg 750w, https:\/\/www.ornding.at\/wp-content\/uploads\/2018\/04\/Au\u00dfenverkauf-FILEminimizer.jpg 1152w\" sizes=\"auto, (max-width: 1024px) 100vw, 1024px\" itemprop=\"thumbnail\" \/><\/a><\/div>\n\t\t\t\t\t<\/figure>\n\t\t\t\t\t<figure class='gallery-item col-2' itemprop='associatedMedia' itemscope itemtype='http:\/\/schema.org\/ImageObject'>\n\t\t\t\t\t\t<div class='gallery-icon landscape'><a href='https:\/\/www.ornding.at\/wp-content\/uploads\/2018\/04\/zur\u00fccksortieren-FILEminimizer.jpg' itemprop=\"contentURL\"><img loading=\"lazy\" decoding=\"async\" width=\"1024\" height=\"683\" src=\"https:\/\/www.ornding.at\/wp-content\/uploads\/2018\/04\/zur\u00fccksortieren-FILEminimizer-1024x683.jpg\" class=\"attachment-large size-large\" alt=\"\" srcset=\"https:\/\/www.ornding.at\/wp-content\/uploads\/2018\/04\/zur\u00fccksortieren-FILEminimizer-1024x683.jpg 1024w, https:\/\/www.ornding.at\/wp-content\/uploads\/2018\/04\/zur\u00fccksortieren-FILEminimizer-300x200.jpg 300w, https:\/\/www.ornding.at\/wp-content\/uploads\/2018\/04\/zur\u00fccksortieren-FILEminimizer-768x512.jpg 768w, https:\/\/www.ornding.at\/wp-content\/uploads\/2018\/04\/zur\u00fccksortieren-FILEminimizer-750x500.jpg 750w, https:\/\/www.ornding.at\/wp-content\/uploads\/2018\/04\/zur\u00fccksortieren-FILEminimizer.jpg 1152w\" sizes=\"auto, (max-width: 1024px) 100vw, 1024px\" itemprop=\"thumbnail\" \/><\/a><\/div>\n\t\t\t\t\t<\/figure>\n\t\t\t\t\t<figure class='gallery-item col-2' itemprop='associatedMedia' itemscope itemtype='http:\/\/schema.org\/ImageObject'>\n\t\t\t\t\t\t<div class='gallery-icon landscape'><a href='https:\/\/www.ornding.at\/wp-content\/uploads\/2018\/04\/vorher-FILEminimizer.jpg' itemprop=\"contentURL\"><img loading=\"lazy\" decoding=\"async\" width=\"1024\" height=\"683\" src=\"https:\/\/www.ornding.at\/wp-content\/uploads\/2018\/04\/vorher-FILEminimizer-1024x683.jpg\" class=\"attachment-large size-large\" alt=\"\" srcset=\"https:\/\/www.ornding.at\/wp-content\/uploads\/2018\/04\/vorher-FILEminimizer-1024x683.jpg 1024w, https:\/\/www.ornding.at\/wp-content\/uploads\/2018\/04\/vorher-FILEminimizer-300x200.jpg 300w, https:\/\/www.ornding.at\/wp-content\/uploads\/2018\/04\/vorher-FILEminimizer-768x512.jpg 768w, https:\/\/www.ornding.at\/wp-content\/uploads\/2018\/04\/vorher-FILEminimizer-750x500.jpg 750w, https:\/\/www.ornding.at\/wp-content\/uploads\/2018\/04\/vorher-FILEminimizer.jpg 1152w\" sizes=\"auto, (max-width: 1024px) 100vw, 1024px\" itemprop=\"thumbnail\" \/><\/a><\/div>\n\t\t\t\t\t<\/figure>\n\t\t\t\t\t<figure class='gallery-item col-2' itemprop='associatedMedia' itemscope itemtype='http:\/\/schema.org\/ImageObject'>\n\t\t\t\t\t\t<div class='gallery-icon landscape'><a href='https:\/\/www.ornding.at\/wp-content\/uploads\/2018\/04\/Verkauf2-FILEminimizer.jpg' itemprop=\"contentURL\"><img loading=\"lazy\" decoding=\"async\" width=\"1024\" height=\"683\" src=\"https:\/\/www.ornding.at\/wp-content\/uploads\/2018\/04\/Verkauf2-FILEminimizer-1024x683.jpg\" class=\"attachment-large size-large\" alt=\"\" srcset=\"https:\/\/www.ornding.at\/wp-content\/uploads\/2018\/04\/Verkauf2-FILEminimizer-1024x683.jpg 1024w, https:\/\/www.ornding.at\/wp-content\/uploads\/2018\/04\/Verkauf2-FILEminimizer-300x200.jpg 300w, https:\/\/www.ornding.at\/wp-content\/uploads\/2018\/04\/Verkauf2-FILEminimizer-768x512.jpg 768w, https:\/\/www.ornding.at\/wp-content\/uploads\/2018\/04\/Verkauf2-FILEminimizer-750x500.jpg 750w, https:\/\/www.ornding.at\/wp-content\/uploads\/2018\/04\/Verkauf2-FILEminimizer.jpg 1152w\" sizes=\"auto, (max-width: 1024px) 100vw, 1024px\" itemprop=\"thumbnail\" \/><\/a><\/div>\n\t\t\t\t\t<\/figure>\n\t\t\t\t\t<figure class='gallery-item col-2' itemprop='associatedMedia' itemscope itemtype='http:\/\/schema.org\/ImageObject'>\n\t\t\t\t\t\t<div class='gallery-icon landscape'><a href='https:\/\/www.ornding.at\/wp-content\/uploads\/2018\/04\/Verkauf1-FILEminimizer.jpg' itemprop=\"contentURL\"><img loading=\"lazy\" decoding=\"async\" width=\"1024\" height=\"683\" src=\"https:\/\/www.ornding.at\/wp-content\/uploads\/2018\/04\/Verkauf1-FILEminimizer-1024x683.jpg\" class=\"attachment-large size-large\" alt=\"\" srcset=\"https:\/\/www.ornding.at\/wp-content\/uploads\/2018\/04\/Verkauf1-FILEminimizer-1024x683.jpg 1024w, https:\/\/www.ornding.at\/wp-content\/uploads\/2018\/04\/Verkauf1-FILEminimizer-300x200.jpg 300w, https:\/\/www.ornding.at\/wp-content\/uploads\/2018\/04\/Verkauf1-FILEminimizer-768x512.jpg 768w, https:\/\/www.ornding.at\/wp-content\/uploads\/2018\/04\/Verkauf1-FILEminimizer-750x500.jpg 750w, https:\/\/www.ornding.at\/wp-content\/uploads\/2018\/04\/Verkauf1-FILEminimizer.jpg 1152w\" sizes=\"auto, (max-width: 1024px) 100vw, 1024px\" itemprop=\"thumbnail\" \/><\/a><\/div>\n\t\t\t\t\t<\/figure>\n\t\t\t\t\t<figure class='gallery-item col-2' itemprop='associatedMedia' itemscope itemtype='http:\/\/schema.org\/ImageObject'>\n\t\t\t\t\t\t<div class='gallery-icon portrait'><a href='https:\/\/www.ornding.at\/wp-content\/uploads\/2018\/04\/Parkplatz-FILEminimizer.jpg' itemprop=\"contentURL\"><img loading=\"lazy\" decoding=\"async\" width=\"683\" height=\"1024\" src=\"https:\/\/www.ornding.at\/wp-content\/uploads\/2018\/04\/Parkplatz-FILEminimizer-683x1024.jpg\" class=\"attachment-large size-large\" alt=\"\" srcset=\"https:\/\/www.ornding.at\/wp-content\/uploads\/2018\/04\/Parkplatz-FILEminimizer-683x1024.jpg 683w, https:\/\/www.ornding.at\/wp-content\/uploads\/2018\/04\/Parkplatz-FILEminimizer-200x300.jpg 200w, https:\/\/www.ornding.at\/wp-content\/uploads\/2018\/04\/Parkplatz-FILEminimizer-768x1152.jpg 768w, https:\/\/www.ornding.at\/wp-content\/uploads\/2018\/04\/Parkplatz-FILEminimizer-333x500.jpg 333w, https:\/\/www.ornding.at\/wp-content\/uploads\/2018\/04\/Parkplatz-FILEminimizer.jpg 1024w\" sizes=\"auto, (max-width: 683px) 100vw, 683px\" itemprop=\"thumbnail\" \/><\/a><\/div>\n\t\t\t\t\t<\/figure>\n\t\t\t\t\t<figure class='gallery-item col-2' itemprop='associatedMedia' itemscope itemtype='http:\/\/schema.org\/ImageObject'>\n\t\t\t\t\t\t<div class='gallery-icon landscape'><a href='https:\/\/www.ornding.at\/wp-content\/uploads\/2018\/04\/herrichten2-FILEminimizer.jpg' itemprop=\"contentURL\"><img loading=\"lazy\" decoding=\"async\" width=\"1024\" height=\"683\" src=\"https:\/\/www.ornding.at\/wp-content\/uploads\/2018\/04\/herrichten2-FILEminimizer-1024x683.jpg\" class=\"attachment-large size-large\" alt=\"\" srcset=\"https:\/\/www.ornding.at\/wp-content\/uploads\/2018\/04\/herrichten2-FILEminimizer-1024x683.jpg 1024w, https:\/\/www.ornding.at\/wp-content\/uploads\/2018\/04\/herrichten2-FILEminimizer-300x200.jpg 300w, https:\/\/www.ornding.at\/wp-content\/uploads\/2018\/04\/herrichten2-FILEminimizer-768x512.jpg 768w, https:\/\/www.ornding.at\/wp-content\/uploads\/2018\/04\/herrichten2-FILEminimizer-750x500.jpg 750w, https:\/\/www.ornding.at\/wp-content\/uploads\/2018\/04\/herrichten2-FILEminimizer.jpg 1152w\" sizes=\"auto, (max-width: 1024px) 100vw, 1024px\" itemprop=\"thumbnail\" \/><\/a><\/div>\n\t\t\t\t\t<\/figure>\n\t\t\t\t\t<figure class='gallery-item col-2' itemprop='associatedMedia' itemscope itemtype='http:\/\/schema.org\/ImageObject'>\n\t\t\t\t\t\t<div class='gallery-icon landscape'><a href='https:\/\/www.ornding.at\/wp-content\/uploads\/2018\/04\/herrichten1-FILEminimizer.jpg' itemprop=\"contentURL\"><img loading=\"lazy\" decoding=\"async\" width=\"1024\" height=\"683\" src=\"https:\/\/www.ornding.at\/wp-content\/uploads\/2018\/04\/herrichten1-FILEminimizer-1024x683.jpg\" class=\"attachment-large size-large\" alt=\"\" srcset=\"https:\/\/www.ornding.at\/wp-content\/uploads\/2018\/04\/herrichten1-FILEminimizer-1024x683.jpg 1024w, https:\/\/www.ornding.at\/wp-content\/uploads\/2018\/04\/herrichten1-FILEminimizer-300x200.jpg 300w, https:\/\/www.ornding.at\/wp-content\/uploads\/2018\/04\/herrichten1-FILEminimizer-768x512.jpg 768w, https:\/\/www.ornding.at\/wp-content\/uploads\/2018\/04\/herrichten1-FILEminimizer-750x500.jpg 750w, https:\/\/www.ornding.at\/wp-content\/uploads\/2018\/04\/herrichten1-FILEminimizer.jpg 1152w\" sizes=\"auto, (max-width: 1024px) 100vw, 1024px\" itemprop=\"thumbnail\" \/><\/a><\/div>\n\t\t\t\t\t<\/figure>\n\t\t\t\t\t<figure class='gallery-item col-2' itemprop='associatedMedia' itemscope itemtype='http:\/\/schema.org\/ImageObject'>\n\t\t\t\t\t\t<div class='gallery-icon landscape'><a href='https:\/\/www.ornding.at\/wp-content\/uploads\/2018\/04\/hergerichtet2-FILEminimizer.jpg' itemprop=\"contentURL\"><img loading=\"lazy\" decoding=\"async\" width=\"1024\" height=\"683\" src=\"https:\/\/www.ornding.at\/wp-content\/uploads\/2018\/04\/hergerichtet2-FILEminimizer-1024x683.jpg\" class=\"attachment-large size-large\" alt=\"\" srcset=\"https:\/\/www.ornding.at\/wp-content\/uploads\/2018\/04\/hergerichtet2-FILEminimizer-1024x683.jpg 1024w, https:\/\/www.ornding.at\/wp-content\/uploads\/2018\/04\/hergerichtet2-FILEminimizer-300x200.jpg 300w, https:\/\/www.ornding.at\/wp-content\/uploads\/2018\/04\/hergerichtet2-FILEminimizer-768x512.jpg 768w, https:\/\/www.ornding.at\/wp-content\/uploads\/2018\/04\/hergerichtet2-FILEminimizer-750x500.jpg 750w, https:\/\/www.ornding.at\/wp-content\/uploads\/2018\/04\/hergerichtet2-FILEminimizer.jpg 1152w\" sizes=\"auto, (max-width: 1024px) 100vw, 1024px\" itemprop=\"thumbnail\" \/><\/a><\/div>\n\t\t\t\t\t<\/figure>\n\t\t\t\t\t<figure class='gallery-item col-2' itemprop='associatedMedia' itemscope itemtype='http:\/\/schema.org\/ImageObject'>\n\t\t\t\t\t\t<div class='gallery-icon landscape'><a href='https:\/\/www.ornding.at\/wp-content\/uploads\/2018\/04\/hergerichtet1-FILEminimizer.jpg' itemprop=\"contentURL\"><img loading=\"lazy\" decoding=\"async\" width=\"1024\" height=\"683\" src=\"https:\/\/www.ornding.at\/wp-content\/uploads\/2018\/04\/hergerichtet1-FILEminimizer-1024x683.jpg\" class=\"attachment-large size-large\" alt=\"\" srcset=\"https:\/\/www.ornding.at\/wp-content\/uploads\/2018\/04\/hergerichtet1-FILEminimizer-1024x683.jpg 1024w, https:\/\/www.ornding.at\/wp-content\/uploads\/2018\/04\/hergerichtet1-FILEminimizer-300x200.jpg 300w, https:\/\/www.ornding.at\/wp-content\/uploads\/2018\/04\/hergerichtet1-FILEminimizer-768x512.jpg 768w, https:\/\/www.ornding.at\/wp-content\/uploads\/2018\/04\/hergerichtet1-FILEminimizer-750x500.jpg 750w, https:\/\/www.ornding.at\/wp-content\/uploads\/2018\/04\/hergerichtet1-FILEminimizer.jpg 1152w\" sizes=\"auto, (max-width: 1024px) 100vw, 1024px\" itemprop=\"thumbnail\" \/><\/a><\/div>\n\t\t\t\t\t<\/figure>\n\t\t\t<\/div><!-- .gallery -->\n\n","protected":false},"excerpt":{"rendered":"<p>Der 14. Orndinger Baby- und Kinderbasar ist letzten Samstag erfolgreich \u00fcber die B\u00fchne gegangen und das mit der Hilfe vieler Ehrenamtlicher! Dankesch\u00f6n. Folgend ein paar Infos und Eindr\u00fccke vom Fr\u00fchjahrsbasar <a href=\"https:\/\/www.ornding.at\/?page_id=2653\" class=\"more-link\">[&hellip;]<\/a><\/p>\n","protected":false},"author":1,"featured_media":0,"parent":2608,"menu_order":0,"comment_status":"closed","ping_status":"closed","template":"","meta":{"Layout":"","footnotes":""},"class_list":["entry","author-claudia","post-2653","page","type-page","status-publish"],"_links":{"self":[{"href":"https:\/\/www.ornding.at\/index.php?rest_route=\/wp\/v2\/pages\/2653","targetHints":{"allow":["GET"]}}],"collection":[{"href":"https:\/\/www.ornding.at\/index.php?rest_route=\/wp\/v2\/pages"}],"about":[{"href":"https:\/\/www.ornding.at\/index.php?rest_route=\/wp\/v2\/types\/page"}],"author":[{"embeddable":true,"href":"https:\/\/www.ornding.at\/index.php?rest_route=\/wp\/v2\/users\/1"}],"replies":[{"embeddable":true,"href":"https:\/\/www.ornding.at\/index.php?rest_route=%2Fwp%2Fv2%2Fcomments&post=2653"}],"version-history":[{"count":1,"href":"https:\/\/www.ornding.at\/index.php?rest_route=\/wp\/v2\/pages\/2653\/revisions"}],"predecessor-version":[{"id":2654,"href":"https:\/\/www.ornding.at\/index.php?rest_route=\/wp\/v2\/pages\/2653\/revisions\/2654"}],"up":[{"embeddable":true,"href":"https:\/\/www.ornding.at\/index.php?rest_route=\/wp\/v2\/pages\/2608"}],"wp:attachment":[{"href":"https:\/\/www.ornding.at\/index.php?rest_route=%2Fwp%2Fv2%2Fmedia&parent=2653"}],"curies":[{"name":"wp","href":"https:\/\/api.w.org\/{rel}","templated":true}]}}