{"id":2605,"date":"2018-01-31T08:36:56","date_gmt":"2018-01-31T07:36:56","guid":{"rendered":"http:\/\/www.ornding.at\/?page_id=2605"},"modified":"2018-01-31T08:36:56","modified_gmt":"2018-01-31T07:36:56","slug":"jaenner-2018-orndinger-kinderfasching","status":"publish","type":"page","link":"https:\/\/www.ornding.at\/?page_id=2605","title":{"rendered":"J\u00e4nner 2018 &#8211; Orndinger Kinderfasching"},"content":{"rendered":"<p>Auch dieses Jahr besuchten uns wieder viele Kinder und Erwachsene zu unserem Orndinger Kinderfasching im Dorfwirtshaus. Im fast leer ger\u00e4umten St\u00fcberl ganz hinten gab es genug Platz f\u00fcr Tanz und Spiele. Dabei wurden wir dieses Jahr tatkr\u00e4ftig von Anna Thain unterst\u00fctzt, die zur Begr\u00fc\u00dfung eine Mitmach-Tanzeinlage einstudiert hat. Und von Theresa Kuttner, die einen eigens gebastelten Hindernis-Parcour f\u00fcr Luftballon-Reiter mitgebracht hat. Das war f\u00fcr alle ein riesen Spa\u00df!<\/p>\n<p>Ob Pyjamaheld, Pirat, Prinzessin, Zebra oder Reiterin \u2026 es war alles dabei!<\/p>\n<p>Danke auch an die schmackhaften Spenden wie Krapfen vom Orndinger Dorfwirt, W\u00fcrstel von der Stadtgemeinde P\u00f6chlarn und ein Getr\u00e4nk f\u00fcr jedes Kind von der Familie Schwameis.<\/p>\n<p>Hier noch ein paar Eindr\u00fccke vom Nachmittag \u2026<\/p>\n\n\t\t\t<div id=\"2605-1\" class=\"gallery gallery-2605 gallery-col-3 gallery-columns-3 gallery-size-medium\" itemscope itemtype=\"http:\/\/schema.org\/ImageGallery\">\n\t\t\t\t\t<figure class='gallery-item col-3' itemprop='associatedMedia' itemscope itemtype='http:\/\/schema.org\/ImageObject'>\n\t\t\t\t\t\t<div class='gallery-icon landscape'><a href='https:\/\/www.ornding.at\/wp-content\/uploads\/2018\/01\/d75affa5-9c1b-4f3b-8636-22258bc7a2a4.jpg' itemprop=\"contentURL\"><img loading=\"lazy\" decoding=\"async\" width=\"300\" height=\"225\" src=\"https:\/\/www.ornding.at\/wp-content\/uploads\/2018\/01\/d75affa5-9c1b-4f3b-8636-22258bc7a2a4-300x225.jpg\" class=\"attachment-medium size-medium\" alt=\"\" srcset=\"https:\/\/www.ornding.at\/wp-content\/uploads\/2018\/01\/d75affa5-9c1b-4f3b-8636-22258bc7a2a4-300x225.jpg 300w, https:\/\/www.ornding.at\/wp-content\/uploads\/2018\/01\/d75affa5-9c1b-4f3b-8636-22258bc7a2a4-768x576.jpg 768w, https:\/\/www.ornding.at\/wp-content\/uploads\/2018\/01\/d75affa5-9c1b-4f3b-8636-22258bc7a2a4-1024x768.jpg 1024w, https:\/\/www.ornding.at\/wp-content\/uploads\/2018\/01\/d75affa5-9c1b-4f3b-8636-22258bc7a2a4-175x131.jpg 175w, https:\/\/www.ornding.at\/wp-content\/uploads\/2018\/01\/d75affa5-9c1b-4f3b-8636-22258bc7a2a4-667x500.jpg 667w, https:\/\/www.ornding.at\/wp-content\/uploads\/2018\/01\/d75affa5-9c1b-4f3b-8636-22258bc7a2a4.jpg 1600w\" sizes=\"auto, (max-width: 300px) 100vw, 300px\" itemprop=\"thumbnail\" \/><\/a><\/div>\n\t\t\t\t\t<\/figure>\n\t\t\t\t\t<figure class='gallery-item col-3' itemprop='associatedMedia' itemscope itemtype='http:\/\/schema.org\/ImageObject'>\n\t\t\t\t\t\t<div class='gallery-icon landscape'><a href='https:\/\/www.ornding.at\/wp-content\/uploads\/2018\/01\/IMG_2684-FILEminimizer.jpg' itemprop=\"contentURL\"><img loading=\"lazy\" decoding=\"async\" width=\"300\" height=\"225\" src=\"https:\/\/www.ornding.at\/wp-content\/uploads\/2018\/01\/IMG_2684-FILEminimizer-300x225.jpg\" class=\"attachment-medium size-medium\" alt=\"\" srcset=\"https:\/\/www.ornding.at\/wp-content\/uploads\/2018\/01\/IMG_2684-FILEminimizer-300x225.jpg 300w, https:\/\/www.ornding.at\/wp-content\/uploads\/2018\/01\/IMG_2684-FILEminimizer-175x131.jpg 175w, https:\/\/www.ornding.at\/wp-content\/uploads\/2018\/01\/IMG_2684-FILEminimizer.jpg 640w\" sizes=\"auto, (max-width: 300px) 100vw, 300px\" itemprop=\"thumbnail\" \/><\/a><\/div>\n\t\t\t\t\t<\/figure>\n\t\t\t\t\t<figure class='gallery-item col-3' itemprop='associatedMedia' itemscope itemtype='http:\/\/schema.org\/ImageObject'>\n\t\t\t\t\t\t<div class='gallery-icon portrait'><a href='https:\/\/www.ornding.at\/wp-content\/uploads\/2018\/01\/IMG_2683-FILEminimizer-e1517383907744.jpg' itemprop=\"contentURL\"><img loading=\"lazy\" decoding=\"async\" width=\"225\" height=\"300\" src=\"https:\/\/www.ornding.at\/wp-content\/uploads\/2018\/01\/IMG_2683-FILEminimizer-e1517383907744-225x300.jpg\" class=\"attachment-medium size-medium\" alt=\"\" srcset=\"https:\/\/www.ornding.at\/wp-content\/uploads\/2018\/01\/IMG_2683-FILEminimizer-e1517383907744-225x300.jpg 225w, https:\/\/www.ornding.at\/wp-content\/uploads\/2018\/01\/IMG_2683-FILEminimizer-e1517383907744-375x500.jpg 375w, https:\/\/www.ornding.at\/wp-content\/uploads\/2018\/01\/IMG_2683-FILEminimizer-e1517383907744.jpg 480w\" sizes=\"auto, (max-width: 225px) 100vw, 225px\" itemprop=\"thumbnail\" \/><\/a><\/div>\n\t\t\t\t\t<\/figure>\n\t\t\t\t\t<figure class='gallery-item col-3' itemprop='associatedMedia' itemscope itemtype='http:\/\/schema.org\/ImageObject'>\n\t\t\t\t\t\t<div class='gallery-icon portrait'><a href='https:\/\/www.ornding.at\/wp-content\/uploads\/2018\/01\/IMG_2681-FILEminimizer-e1517383896971.jpg' itemprop=\"contentURL\"><img loading=\"lazy\" decoding=\"async\" width=\"225\" height=\"300\" src=\"https:\/\/www.ornding.at\/wp-content\/uploads\/2018\/01\/IMG_2681-FILEminimizer-e1517383896971-225x300.jpg\" class=\"attachment-medium size-medium\" alt=\"\" srcset=\"https:\/\/www.ornding.at\/wp-content\/uploads\/2018\/01\/IMG_2681-FILEminimizer-e1517383896971-225x300.jpg 225w, https:\/\/www.ornding.at\/wp-content\/uploads\/2018\/01\/IMG_2681-FILEminimizer-e1517383896971-375x500.jpg 375w, https:\/\/www.ornding.at\/wp-content\/uploads\/2018\/01\/IMG_2681-FILEminimizer-e1517383896971.jpg 480w\" sizes=\"auto, (max-width: 225px) 100vw, 225px\" itemprop=\"thumbnail\" \/><\/a><\/div>\n\t\t\t\t\t<\/figure>\n\t\t\t\t\t<figure class='gallery-item col-3' itemprop='associatedMedia' itemscope itemtype='http:\/\/schema.org\/ImageObject'>\n\t\t\t\t\t\t<div class='gallery-icon landscape'><a href='https:\/\/www.ornding.at\/wp-content\/uploads\/2018\/01\/IMG_2679-FILEminimizer.jpg' itemprop=\"contentURL\"><img loading=\"lazy\" decoding=\"async\" width=\"300\" height=\"225\" src=\"https:\/\/www.ornding.at\/wp-content\/uploads\/2018\/01\/IMG_2679-FILEminimizer-300x225.jpg\" class=\"attachment-medium size-medium\" alt=\"\" srcset=\"https:\/\/www.ornding.at\/wp-content\/uploads\/2018\/01\/IMG_2679-FILEminimizer-300x225.jpg 300w, https:\/\/www.ornding.at\/wp-content\/uploads\/2018\/01\/IMG_2679-FILEminimizer-175x131.jpg 175w, https:\/\/www.ornding.at\/wp-content\/uploads\/2018\/01\/IMG_2679-FILEminimizer.jpg 640w\" sizes=\"auto, (max-width: 300px) 100vw, 300px\" itemprop=\"thumbnail\" \/><\/a><\/div>\n\t\t\t\t\t<\/figure>\n\t\t\t\t\t<figure class='gallery-item col-3' itemprop='associatedMedia' itemscope itemtype='http:\/\/schema.org\/ImageObject'>\n\t\t\t\t\t\t<div class='gallery-icon landscape'><a href='https:\/\/www.ornding.at\/wp-content\/uploads\/2018\/01\/IMG_2678-FILEminimizer.jpg' itemprop=\"contentURL\"><img loading=\"lazy\" decoding=\"async\" width=\"300\" height=\"225\" src=\"https:\/\/www.ornding.at\/wp-content\/uploads\/2018\/01\/IMG_2678-FILEminimizer-300x225.jpg\" class=\"attachment-medium size-medium\" alt=\"\" srcset=\"https:\/\/www.ornding.at\/wp-content\/uploads\/2018\/01\/IMG_2678-FILEminimizer-300x225.jpg 300w, https:\/\/www.ornding.at\/wp-content\/uploads\/2018\/01\/IMG_2678-FILEminimizer-175x131.jpg 175w, https:\/\/www.ornding.at\/wp-content\/uploads\/2018\/01\/IMG_2678-FILEminimizer.jpg 640w\" sizes=\"auto, (max-width: 300px) 100vw, 300px\" itemprop=\"thumbnail\" \/><\/a><\/div>\n\t\t\t\t\t<\/figure>\n\t\t\t\t\t<figure class='gallery-item col-3' itemprop='associatedMedia' itemscope itemtype='http:\/\/schema.org\/ImageObject'>\n\t\t\t\t\t\t<div class='gallery-icon landscape'><a href='https:\/\/www.ornding.at\/wp-content\/uploads\/2018\/01\/IMG_2685.jpg' itemprop=\"contentURL\"><img loading=\"lazy\" decoding=\"async\" width=\"300\" height=\"225\" src=\"https:\/\/www.ornding.at\/wp-content\/uploads\/2018\/01\/IMG_2685-300x225.jpg\" class=\"attachment-medium size-medium\" alt=\"\" srcset=\"https:\/\/www.ornding.at\/wp-content\/uploads\/2018\/01\/IMG_2685-300x225.jpg 300w, https:\/\/www.ornding.at\/wp-content\/uploads\/2018\/01\/IMG_2685-768x576.jpg 768w, https:\/\/www.ornding.at\/wp-content\/uploads\/2018\/01\/IMG_2685-1024x768.jpg 1024w, https:\/\/www.ornding.at\/wp-content\/uploads\/2018\/01\/IMG_2685-175x131.jpg 175w, https:\/\/www.ornding.at\/wp-content\/uploads\/2018\/01\/IMG_2685-667x500.jpg 667w\" sizes=\"auto, (max-width: 300px) 100vw, 300px\" itemprop=\"thumbnail\" \/><\/a><\/div>\n\t\t\t\t\t<\/figure>\n\t\t\t\t\t<figure class='gallery-item col-3' itemprop='associatedMedia' itemscope itemtype='http:\/\/schema.org\/ImageObject'>\n\t\t\t\t\t\t<div class='gallery-icon portrait'><a href='https:\/\/www.ornding.at\/wp-content\/uploads\/2018\/01\/IMG_2682-e1517383879627.jpg' itemprop=\"contentURL\"><img loading=\"lazy\" decoding=\"async\" width=\"225\" height=\"300\" src=\"https:\/\/www.ornding.at\/wp-content\/uploads\/2018\/01\/IMG_2682-e1517383879627-225x300.jpg\" class=\"attachment-medium size-medium\" alt=\"\" srcset=\"https:\/\/www.ornding.at\/wp-content\/uploads\/2018\/01\/IMG_2682-e1517383879627-225x300.jpg 225w, https:\/\/www.ornding.at\/wp-content\/uploads\/2018\/01\/IMG_2682-e1517383879627-768x1024.jpg 768w, https:\/\/www.ornding.at\/wp-content\/uploads\/2018\/01\/IMG_2682-e1517383879627-375x500.jpg 375w\" sizes=\"auto, (max-width: 225px) 100vw, 225px\" itemprop=\"thumbnail\" \/><\/a><\/div>\n\t\t\t\t\t<\/figure>\n\t\t\t<\/div><!-- .gallery -->\n\n","protected":false},"excerpt":{"rendered":"<p>Auch dieses Jahr besuchten uns wieder viele Kinder und Erwachsene zu unserem Orndinger Kinderfasching im Dorfwirtshaus. Im fast leer ger\u00e4umten St\u00fcberl ganz hinten gab es genug Platz f\u00fcr Tanz und <a href=\"https:\/\/www.ornding.at\/?page_id=2605\" class=\"more-link\">[&hellip;]<\/a><\/p>\n","protected":false},"author":1,"featured_media":0,"parent":0,"menu_order":0,"comment_status":"closed","ping_status":"closed","template":"","meta":{"Layout":"","footnotes":""},"class_list":["entry","author-claudia","post-2605","page","type-page","status-publish"],"_links":{"self":[{"href":"https:\/\/www.ornding.at\/index.php?rest_route=\/wp\/v2\/pages\/2605","targetHints":{"allow":["GET"]}}],"collection":[{"href":"https:\/\/www.ornding.at\/index.php?rest_route=\/wp\/v2\/pages"}],"about":[{"href":"https:\/\/www.ornding.at\/index.php?rest_route=\/wp\/v2\/types\/page"}],"author":[{"embeddable":true,"href":"https:\/\/www.ornding.at\/index.php?rest_route=\/wp\/v2\/users\/1"}],"replies":[{"embeddable":true,"href":"https:\/\/www.ornding.at\/index.php?rest_route=%2Fwp%2Fv2%2Fcomments&post=2605"}],"version-history":[{"count":1,"href":"https:\/\/www.ornding.at\/index.php?rest_route=\/wp\/v2\/pages\/2605\/revisions"}],"predecessor-version":[{"id":2607,"href":"https:\/\/www.ornding.at\/index.php?rest_route=\/wp\/v2\/pages\/2605\/revisions\/2607"}],"wp:attachment":[{"href":"https:\/\/www.ornding.at\/index.php?rest_route=%2Fwp%2Fv2%2Fmedia&parent=2605"}],"curies":[{"name":"wp","href":"https:\/\/api.w.org\/{rel}","templated":true}]}}