{"id":1658,"date":"2017-04-20T13:57:44","date_gmt":"2017-04-20T12:57:44","guid":{"rendered":"http:\/\/www.ornding.at\/?page_id=1658"},"modified":"2017-04-20T13:59:08","modified_gmt":"2017-04-20T12:59:08","slug":"april-2017-erdaepfelpyramide","status":"publish","type":"page","link":"https:\/\/www.ornding.at\/?page_id=1658","title":{"rendered":"April 2017 &#8211; Erd\u00e4pfelpyramide"},"content":{"rendered":"<p>Die Erd\u00e4pfelpyramide ist ein Projekt von &#8218;So schmeckt Nieder\u00f6sterreich&#8216; und m\u00f6chte das Bewusstsein f\u00fcr regionale Lebensmittel st\u00e4rken &#8211; vor allem bei der jungen Generation. Gemeinsam wollen wir die Erd\u00e4pfelpyramide\u00a0 &#8211; quasi ein gestapeltes Hochbeet &#8211; bauen und mit Erd\u00e4pfel best\u00fccken. Nach 90 Tagen k\u00f6nnen dann mehrere Kilogramm Erd\u00e4pfel geerntet werden.<\/p>\n<p>Uns geht es darum GEMEINSAM etwas zu schaffen mit GRO\u00df &amp; KLEIN, sowie die Natur den Kinder n\u00e4her zu bringen.<\/p>\n<p>Es gibt zwei Standorte der Pyramiden:<\/p>\n<ol>\n<li>Maria Teufl &amp; Max Gamsj\u00e4ger<\/li>\n<li>Robert und Claudia Rester (hinten an der Sportplatzstrasse)<\/li>\n<\/ol>\n<p>Jeder ist Willkommen den Prozess mit zu erleben und dann bei der Ernte zu helfen! Wann genau geerntet wird, geben wir auf der Homepage bekannt!<\/p>\n\n\t\t\t<div id=\"1658-1\" class=\"gallery gallery-1658 gallery-col-3 gallery-columns-3 gallery-size-large\" itemscope itemtype=\"http:\/\/schema.org\/ImageGallery\">\n\t\t\t\t\t<figure class='gallery-item col-3' itemprop='associatedMedia' itemscope itemtype='http:\/\/schema.org\/ImageObject'>\n\t\t\t\t\t\t<div class='gallery-icon landscape'><a href='https:\/\/www.ornding.at\/wp-content\/uploads\/2017\/04\/IMG_3520-FILEminimizer.jpg' itemprop=\"contentURL\"><img loading=\"lazy\" decoding=\"async\" width=\"1024\" height=\"683\" src=\"https:\/\/www.ornding.at\/wp-content\/uploads\/2017\/04\/IMG_3520-FILEminimizer-1024x683.jpg\" class=\"attachment-large size-large\" alt=\"\" srcset=\"https:\/\/www.ornding.at\/wp-content\/uploads\/2017\/04\/IMG_3520-FILEminimizer-1024x683.jpg 1024w, https:\/\/www.ornding.at\/wp-content\/uploads\/2017\/04\/IMG_3520-FILEminimizer-300x200.jpg 300w, https:\/\/www.ornding.at\/wp-content\/uploads\/2017\/04\/IMG_3520-FILEminimizer-768x512.jpg 768w, https:\/\/www.ornding.at\/wp-content\/uploads\/2017\/04\/IMG_3520-FILEminimizer-750x500.jpg 750w, https:\/\/www.ornding.at\/wp-content\/uploads\/2017\/04\/IMG_3520-FILEminimizer.jpg 1152w\" sizes=\"auto, (max-width: 1024px) 100vw, 1024px\" itemprop=\"thumbnail\" \/><\/a><\/div>\n\t\t\t\t\t<\/figure>\n\t\t\t\t\t<figure class='gallery-item col-3' itemprop='associatedMedia' itemscope itemtype='http:\/\/schema.org\/ImageObject'>\n\t\t\t\t\t\t<div class='gallery-icon landscape'><a href='https:\/\/www.ornding.at\/wp-content\/uploads\/2017\/04\/IMG_3515-FILEminimizer.jpg' itemprop=\"contentURL\"><img loading=\"lazy\" decoding=\"async\" width=\"1024\" height=\"683\" src=\"https:\/\/www.ornding.at\/wp-content\/uploads\/2017\/04\/IMG_3515-FILEminimizer-1024x683.jpg\" class=\"attachment-large size-large\" alt=\"\" srcset=\"https:\/\/www.ornding.at\/wp-content\/uploads\/2017\/04\/IMG_3515-FILEminimizer-1024x683.jpg 1024w, https:\/\/www.ornding.at\/wp-content\/uploads\/2017\/04\/IMG_3515-FILEminimizer-300x200.jpg 300w, https:\/\/www.ornding.at\/wp-content\/uploads\/2017\/04\/IMG_3515-FILEminimizer-768x512.jpg 768w, https:\/\/www.ornding.at\/wp-content\/uploads\/2017\/04\/IMG_3515-FILEminimizer-750x500.jpg 750w, https:\/\/www.ornding.at\/wp-content\/uploads\/2017\/04\/IMG_3515-FILEminimizer.jpg 1152w\" sizes=\"auto, (max-width: 1024px) 100vw, 1024px\" itemprop=\"thumbnail\" \/><\/a><\/div>\n\t\t\t\t\t<\/figure>\n\t\t\t\t\t<figure class='gallery-item col-3' itemprop='associatedMedia' itemscope itemtype='http:\/\/schema.org\/ImageObject'>\n\t\t\t\t\t\t<div class='gallery-icon landscape'><a href='https:\/\/www.ornding.at\/wp-content\/uploads\/2017\/04\/IMG_3511-FILEminimizer.jpg' itemprop=\"contentURL\"><img loading=\"lazy\" decoding=\"async\" width=\"1024\" height=\"683\" src=\"https:\/\/www.ornding.at\/wp-content\/uploads\/2017\/04\/IMG_3511-FILEminimizer-1024x683.jpg\" class=\"attachment-large size-large\" alt=\"\" srcset=\"https:\/\/www.ornding.at\/wp-content\/uploads\/2017\/04\/IMG_3511-FILEminimizer-1024x683.jpg 1024w, https:\/\/www.ornding.at\/wp-content\/uploads\/2017\/04\/IMG_3511-FILEminimizer-300x200.jpg 300w, https:\/\/www.ornding.at\/wp-content\/uploads\/2017\/04\/IMG_3511-FILEminimizer-768x512.jpg 768w, https:\/\/www.ornding.at\/wp-content\/uploads\/2017\/04\/IMG_3511-FILEminimizer-750x500.jpg 750w, https:\/\/www.ornding.at\/wp-content\/uploads\/2017\/04\/IMG_3511-FILEminimizer.jpg 1152w\" sizes=\"auto, (max-width: 1024px) 100vw, 1024px\" itemprop=\"thumbnail\" \/><\/a><\/div>\n\t\t\t\t\t<\/figure>\n\t\t\t\t\t<figure class='gallery-item col-3' itemprop='associatedMedia' itemscope itemtype='http:\/\/schema.org\/ImageObject'>\n\t\t\t\t\t\t<div class='gallery-icon landscape'><a href='https:\/\/www.ornding.at\/wp-content\/uploads\/2017\/04\/IMG_3509-FILEminimizer.jpg' itemprop=\"contentURL\"><img loading=\"lazy\" decoding=\"async\" width=\"1024\" height=\"683\" src=\"https:\/\/www.ornding.at\/wp-content\/uploads\/2017\/04\/IMG_3509-FILEminimizer-1024x683.jpg\" class=\"attachment-large size-large\" alt=\"\" srcset=\"https:\/\/www.ornding.at\/wp-content\/uploads\/2017\/04\/IMG_3509-FILEminimizer-1024x683.jpg 1024w, https:\/\/www.ornding.at\/wp-content\/uploads\/2017\/04\/IMG_3509-FILEminimizer-300x200.jpg 300w, https:\/\/www.ornding.at\/wp-content\/uploads\/2017\/04\/IMG_3509-FILEminimizer-768x512.jpg 768w, https:\/\/www.ornding.at\/wp-content\/uploads\/2017\/04\/IMG_3509-FILEminimizer-750x500.jpg 750w, https:\/\/www.ornding.at\/wp-content\/uploads\/2017\/04\/IMG_3509-FILEminimizer.jpg 1152w\" sizes=\"auto, (max-width: 1024px) 100vw, 1024px\" itemprop=\"thumbnail\" \/><\/a><\/div>\n\t\t\t\t\t<\/figure>\n\t\t\t\t\t<figure class='gallery-item col-3' itemprop='associatedMedia' itemscope itemtype='http:\/\/schema.org\/ImageObject'>\n\t\t\t\t\t\t<div class='gallery-icon landscape'><a href='https:\/\/www.ornding.at\/wp-content\/uploads\/2017\/04\/IMG_3506-FILEminimizer.jpg' itemprop=\"contentURL\"><img loading=\"lazy\" decoding=\"async\" width=\"1024\" height=\"683\" src=\"https:\/\/www.ornding.at\/wp-content\/uploads\/2017\/04\/IMG_3506-FILEminimizer-1024x683.jpg\" class=\"attachment-large size-large\" alt=\"\" srcset=\"https:\/\/www.ornding.at\/wp-content\/uploads\/2017\/04\/IMG_3506-FILEminimizer-1024x683.jpg 1024w, https:\/\/www.ornding.at\/wp-content\/uploads\/2017\/04\/IMG_3506-FILEminimizer-300x200.jpg 300w, https:\/\/www.ornding.at\/wp-content\/uploads\/2017\/04\/IMG_3506-FILEminimizer-768x512.jpg 768w, https:\/\/www.ornding.at\/wp-content\/uploads\/2017\/04\/IMG_3506-FILEminimizer-750x500.jpg 750w, https:\/\/www.ornding.at\/wp-content\/uploads\/2017\/04\/IMG_3506-FILEminimizer.jpg 1152w\" sizes=\"auto, (max-width: 1024px) 100vw, 1024px\" itemprop=\"thumbnail\" \/><\/a><\/div>\n\t\t\t\t\t<\/figure>\n\t\t\t\t\t<figure class='gallery-item col-3' itemprop='associatedMedia' itemscope itemtype='http:\/\/schema.org\/ImageObject'>\n\t\t\t\t\t\t<div class='gallery-icon landscape'><a href='https:\/\/www.ornding.at\/wp-content\/uploads\/2017\/04\/IMG_3565-FILEminimizer.jpg' itemprop=\"contentURL\"><img loading=\"lazy\" decoding=\"async\" width=\"1024\" height=\"683\" src=\"https:\/\/www.ornding.at\/wp-content\/uploads\/2017\/04\/IMG_3565-FILEminimizer-1024x683.jpg\" class=\"attachment-large size-large\" alt=\"\" srcset=\"https:\/\/www.ornding.at\/wp-content\/uploads\/2017\/04\/IMG_3565-FILEminimizer-1024x683.jpg 1024w, https:\/\/www.ornding.at\/wp-content\/uploads\/2017\/04\/IMG_3565-FILEminimizer-300x200.jpg 300w, https:\/\/www.ornding.at\/wp-content\/uploads\/2017\/04\/IMG_3565-FILEminimizer-768x512.jpg 768w, https:\/\/www.ornding.at\/wp-content\/uploads\/2017\/04\/IMG_3565-FILEminimizer-750x500.jpg 750w, https:\/\/www.ornding.at\/wp-content\/uploads\/2017\/04\/IMG_3565-FILEminimizer.jpg 1152w\" sizes=\"auto, (max-width: 1024px) 100vw, 1024px\" itemprop=\"thumbnail\" \/><\/a><\/div>\n\t\t\t\t\t<\/figure>\n\t\t\t\t\t<figure class='gallery-item col-3' itemprop='associatedMedia' itemscope itemtype='http:\/\/schema.org\/ImageObject'>\n\t\t\t\t\t\t<div class='gallery-icon landscape'><a href='https:\/\/www.ornding.at\/wp-content\/uploads\/2017\/04\/IMG_3555-FILEminimizer.jpg' itemprop=\"contentURL\"><img loading=\"lazy\" decoding=\"async\" width=\"1024\" height=\"683\" src=\"https:\/\/www.ornding.at\/wp-content\/uploads\/2017\/04\/IMG_3555-FILEminimizer-1024x683.jpg\" class=\"attachment-large size-large\" alt=\"\" srcset=\"https:\/\/www.ornding.at\/wp-content\/uploads\/2017\/04\/IMG_3555-FILEminimizer-1024x683.jpg 1024w, https:\/\/www.ornding.at\/wp-content\/uploads\/2017\/04\/IMG_3555-FILEminimizer-300x200.jpg 300w, https:\/\/www.ornding.at\/wp-content\/uploads\/2017\/04\/IMG_3555-FILEminimizer-768x512.jpg 768w, https:\/\/www.ornding.at\/wp-content\/uploads\/2017\/04\/IMG_3555-FILEminimizer-750x500.jpg 750w, https:\/\/www.ornding.at\/wp-content\/uploads\/2017\/04\/IMG_3555-FILEminimizer.jpg 1152w\" sizes=\"auto, (max-width: 1024px) 100vw, 1024px\" itemprop=\"thumbnail\" \/><\/a><\/div>\n\t\t\t\t\t<\/figure>\n\t\t\t\t\t<figure class='gallery-item col-3' itemprop='associatedMedia' itemscope itemtype='http:\/\/schema.org\/ImageObject'>\n\t\t\t\t\t\t<div class='gallery-icon landscape'><a href='https:\/\/www.ornding.at\/wp-content\/uploads\/2017\/04\/IMG_3551-FILEminimizer.jpg' itemprop=\"contentURL\"><img loading=\"lazy\" decoding=\"async\" width=\"1024\" height=\"683\" src=\"https:\/\/www.ornding.at\/wp-content\/uploads\/2017\/04\/IMG_3551-FILEminimizer-1024x683.jpg\" class=\"attachment-large size-large\" alt=\"\" srcset=\"https:\/\/www.ornding.at\/wp-content\/uploads\/2017\/04\/IMG_3551-FILEminimizer-1024x683.jpg 1024w, https:\/\/www.ornding.at\/wp-content\/uploads\/2017\/04\/IMG_3551-FILEminimizer-300x200.jpg 300w, https:\/\/www.ornding.at\/wp-content\/uploads\/2017\/04\/IMG_3551-FILEminimizer-768x512.jpg 768w, https:\/\/www.ornding.at\/wp-content\/uploads\/2017\/04\/IMG_3551-FILEminimizer-750x500.jpg 750w, https:\/\/www.ornding.at\/wp-content\/uploads\/2017\/04\/IMG_3551-FILEminimizer.jpg 1152w\" sizes=\"auto, (max-width: 1024px) 100vw, 1024px\" itemprop=\"thumbnail\" \/><\/a><\/div>\n\t\t\t\t\t<\/figure>\n\t\t\t\t\t<figure class='gallery-item col-3' itemprop='associatedMedia' itemscope itemtype='http:\/\/schema.org\/ImageObject'>\n\t\t\t\t\t\t<div class='gallery-icon portrait'><a href='https:\/\/www.ornding.at\/wp-content\/uploads\/2017\/04\/IMG_3548-FILEminimizer.jpg' itemprop=\"contentURL\"><img loading=\"lazy\" decoding=\"async\" width=\"683\" height=\"1024\" src=\"https:\/\/www.ornding.at\/wp-content\/uploads\/2017\/04\/IMG_3548-FILEminimizer-683x1024.jpg\" class=\"attachment-large size-large\" alt=\"\" srcset=\"https:\/\/www.ornding.at\/wp-content\/uploads\/2017\/04\/IMG_3548-FILEminimizer-683x1024.jpg 683w, https:\/\/www.ornding.at\/wp-content\/uploads\/2017\/04\/IMG_3548-FILEminimizer-200x300.jpg 200w, https:\/\/www.ornding.at\/wp-content\/uploads\/2017\/04\/IMG_3548-FILEminimizer-768x1152.jpg 768w, https:\/\/www.ornding.at\/wp-content\/uploads\/2017\/04\/IMG_3548-FILEminimizer-333x500.jpg 333w, https:\/\/www.ornding.at\/wp-content\/uploads\/2017\/04\/IMG_3548-FILEminimizer.jpg 1024w\" sizes=\"auto, (max-width: 683px) 100vw, 683px\" itemprop=\"thumbnail\" \/><\/a><\/div>\n\t\t\t\t\t<\/figure>\n\t\t\t\t\t<figure class='gallery-item col-3' itemprop='associatedMedia' itemscope itemtype='http:\/\/schema.org\/ImageObject'>\n\t\t\t\t\t\t<div class='gallery-icon portrait'><a href='https:\/\/www.ornding.at\/wp-content\/uploads\/2017\/04\/IMG_3546-FILEminimizer.jpg' itemprop=\"contentURL\"><img loading=\"lazy\" decoding=\"async\" width=\"683\" height=\"1024\" src=\"https:\/\/www.ornding.at\/wp-content\/uploads\/2017\/04\/IMG_3546-FILEminimizer-683x1024.jpg\" class=\"attachment-large size-large\" alt=\"\" srcset=\"https:\/\/www.ornding.at\/wp-content\/uploads\/2017\/04\/IMG_3546-FILEminimizer-683x1024.jpg 683w, https:\/\/www.ornding.at\/wp-content\/uploads\/2017\/04\/IMG_3546-FILEminimizer-200x300.jpg 200w, https:\/\/www.ornding.at\/wp-content\/uploads\/2017\/04\/IMG_3546-FILEminimizer-768x1152.jpg 768w, https:\/\/www.ornding.at\/wp-content\/uploads\/2017\/04\/IMG_3546-FILEminimizer-333x500.jpg 333w, https:\/\/www.ornding.at\/wp-content\/uploads\/2017\/04\/IMG_3546-FILEminimizer.jpg 1024w\" sizes=\"auto, (max-width: 683px) 100vw, 683px\" itemprop=\"thumbnail\" \/><\/a><\/div>\n\t\t\t\t\t<\/figure>\n\t\t\t\t\t<figure class='gallery-item col-3' itemprop='associatedMedia' itemscope itemtype='http:\/\/schema.org\/ImageObject'>\n\t\t\t\t\t\t<div class='gallery-icon portrait'><a href='https:\/\/www.ornding.at\/wp-content\/uploads\/2017\/04\/IMG_3545-FILEminimizer.jpg' itemprop=\"contentURL\"><img loading=\"lazy\" decoding=\"async\" width=\"683\" height=\"1024\" src=\"https:\/\/www.ornding.at\/wp-content\/uploads\/2017\/04\/IMG_3545-FILEminimizer-683x1024.jpg\" class=\"attachment-large size-large\" alt=\"\" srcset=\"https:\/\/www.ornding.at\/wp-content\/uploads\/2017\/04\/IMG_3545-FILEminimizer-683x1024.jpg 683w, https:\/\/www.ornding.at\/wp-content\/uploads\/2017\/04\/IMG_3545-FILEminimizer-200x300.jpg 200w, https:\/\/www.ornding.at\/wp-content\/uploads\/2017\/04\/IMG_3545-FILEminimizer-768x1152.jpg 768w, https:\/\/www.ornding.at\/wp-content\/uploads\/2017\/04\/IMG_3545-FILEminimizer-333x500.jpg 333w, https:\/\/www.ornding.at\/wp-content\/uploads\/2017\/04\/IMG_3545-FILEminimizer.jpg 1024w\" sizes=\"auto, (max-width: 683px) 100vw, 683px\" itemprop=\"thumbnail\" \/><\/a><\/div>\n\t\t\t\t\t<\/figure>\n\t\t\t\t\t<figure class='gallery-item col-3' itemprop='associatedMedia' itemscope itemtype='http:\/\/schema.org\/ImageObject'>\n\t\t\t\t\t\t<div class='gallery-icon portrait'><a href='https:\/\/www.ornding.at\/wp-content\/uploads\/2017\/04\/IMG_3544-FILEminimizer.jpg' itemprop=\"contentURL\"><img loading=\"lazy\" decoding=\"async\" width=\"683\" height=\"1024\" src=\"https:\/\/www.ornding.at\/wp-content\/uploads\/2017\/04\/IMG_3544-FILEminimizer-683x1024.jpg\" class=\"attachment-large size-large\" alt=\"\" srcset=\"https:\/\/www.ornding.at\/wp-content\/uploads\/2017\/04\/IMG_3544-FILEminimizer-683x1024.jpg 683w, https:\/\/www.ornding.at\/wp-content\/uploads\/2017\/04\/IMG_3544-FILEminimizer-200x300.jpg 200w, https:\/\/www.ornding.at\/wp-content\/uploads\/2017\/04\/IMG_3544-FILEminimizer-768x1152.jpg 768w, https:\/\/www.ornding.at\/wp-content\/uploads\/2017\/04\/IMG_3544-FILEminimizer-333x500.jpg 333w, https:\/\/www.ornding.at\/wp-content\/uploads\/2017\/04\/IMG_3544-FILEminimizer.jpg 1024w\" sizes=\"auto, (max-width: 683px) 100vw, 683px\" itemprop=\"thumbnail\" \/><\/a><\/div>\n\t\t\t\t\t<\/figure>\n\t\t\t\t\t<figure class='gallery-item col-3' itemprop='associatedMedia' itemscope itemtype='http:\/\/schema.org\/ImageObject'>\n\t\t\t\t\t\t<div class='gallery-icon landscape'><a href='https:\/\/www.ornding.at\/wp-content\/uploads\/2017\/04\/IMG_3540-FILEminimizer.jpg' itemprop=\"contentURL\"><img loading=\"lazy\" decoding=\"async\" width=\"1024\" height=\"683\" src=\"https:\/\/www.ornding.at\/wp-content\/uploads\/2017\/04\/IMG_3540-FILEminimizer-1024x683.jpg\" class=\"attachment-large size-large\" alt=\"\" srcset=\"https:\/\/www.ornding.at\/wp-content\/uploads\/2017\/04\/IMG_3540-FILEminimizer-1024x683.jpg 1024w, https:\/\/www.ornding.at\/wp-content\/uploads\/2017\/04\/IMG_3540-FILEminimizer-300x200.jpg 300w, https:\/\/www.ornding.at\/wp-content\/uploads\/2017\/04\/IMG_3540-FILEminimizer-768x512.jpg 768w, https:\/\/www.ornding.at\/wp-content\/uploads\/2017\/04\/IMG_3540-FILEminimizer-750x500.jpg 750w, https:\/\/www.ornding.at\/wp-content\/uploads\/2017\/04\/IMG_3540-FILEminimizer.jpg 1152w\" sizes=\"auto, (max-width: 1024px) 100vw, 1024px\" itemprop=\"thumbnail\" \/><\/a><\/div>\n\t\t\t\t\t<\/figure>\n\t\t\t\t\t<figure class='gallery-item col-3' itemprop='associatedMedia' itemscope itemtype='http:\/\/schema.org\/ImageObject'>\n\t\t\t\t\t\t<div class='gallery-icon portrait'><a href='https:\/\/www.ornding.at\/wp-content\/uploads\/2017\/04\/IMG_3538-FILEminimizer.jpg' itemprop=\"contentURL\"><img loading=\"lazy\" decoding=\"async\" width=\"683\" height=\"1024\" src=\"https:\/\/www.ornding.at\/wp-content\/uploads\/2017\/04\/IMG_3538-FILEminimizer-683x1024.jpg\" class=\"attachment-large size-large\" alt=\"\" srcset=\"https:\/\/www.ornding.at\/wp-content\/uploads\/2017\/04\/IMG_3538-FILEminimizer-683x1024.jpg 683w, https:\/\/www.ornding.at\/wp-content\/uploads\/2017\/04\/IMG_3538-FILEminimizer-200x300.jpg 200w, https:\/\/www.ornding.at\/wp-content\/uploads\/2017\/04\/IMG_3538-FILEminimizer-768x1152.jpg 768w, https:\/\/www.ornding.at\/wp-content\/uploads\/2017\/04\/IMG_3538-FILEminimizer-333x500.jpg 333w, https:\/\/www.ornding.at\/wp-content\/uploads\/2017\/04\/IMG_3538-FILEminimizer.jpg 1024w\" sizes=\"auto, (max-width: 683px) 100vw, 683px\" itemprop=\"thumbnail\" \/><\/a><\/div>\n\t\t\t\t\t<\/figure>\n\t\t\t\t\t<figure class='gallery-item col-3' itemprop='associatedMedia' itemscope itemtype='http:\/\/schema.org\/ImageObject'>\n\t\t\t\t\t\t<div class='gallery-icon landscape'><a href='https:\/\/www.ornding.at\/wp-content\/uploads\/2017\/04\/IMG_3537-FILEminimizer.jpg' itemprop=\"contentURL\"><img loading=\"lazy\" decoding=\"async\" width=\"1024\" height=\"683\" src=\"https:\/\/www.ornding.at\/wp-content\/uploads\/2017\/04\/IMG_3537-FILEminimizer-1024x683.jpg\" class=\"attachment-large size-large\" alt=\"\" srcset=\"https:\/\/www.ornding.at\/wp-content\/uploads\/2017\/04\/IMG_3537-FILEminimizer-1024x683.jpg 1024w, https:\/\/www.ornding.at\/wp-content\/uploads\/2017\/04\/IMG_3537-FILEminimizer-300x200.jpg 300w, https:\/\/www.ornding.at\/wp-content\/uploads\/2017\/04\/IMG_3537-FILEminimizer-768x512.jpg 768w, https:\/\/www.ornding.at\/wp-content\/uploads\/2017\/04\/IMG_3537-FILEminimizer-750x500.jpg 750w, https:\/\/www.ornding.at\/wp-content\/uploads\/2017\/04\/IMG_3537-FILEminimizer.jpg 1152w\" sizes=\"auto, (max-width: 1024px) 100vw, 1024px\" itemprop=\"thumbnail\" \/><\/a><\/div>\n\t\t\t\t\t<\/figure>\n\t\t\t\t\t<figure class='gallery-item col-3' itemprop='associatedMedia' itemscope itemtype='http:\/\/schema.org\/ImageObject'>\n\t\t\t\t\t\t<div class='gallery-icon landscape'><a href='https:\/\/www.ornding.at\/wp-content\/uploads\/2017\/04\/IMG_3534-FILEminimizer.jpg' itemprop=\"contentURL\"><img loading=\"lazy\" decoding=\"async\" width=\"1024\" height=\"683\" src=\"https:\/\/www.ornding.at\/wp-content\/uploads\/2017\/04\/IMG_3534-FILEminimizer-1024x683.jpg\" class=\"attachment-large size-large\" alt=\"\" srcset=\"https:\/\/www.ornding.at\/wp-content\/uploads\/2017\/04\/IMG_3534-FILEminimizer-1024x683.jpg 1024w, https:\/\/www.ornding.at\/wp-content\/uploads\/2017\/04\/IMG_3534-FILEminimizer-300x200.jpg 300w, https:\/\/www.ornding.at\/wp-content\/uploads\/2017\/04\/IMG_3534-FILEminimizer-768x512.jpg 768w, https:\/\/www.ornding.at\/wp-content\/uploads\/2017\/04\/IMG_3534-FILEminimizer-750x500.jpg 750w, https:\/\/www.ornding.at\/wp-content\/uploads\/2017\/04\/IMG_3534-FILEminimizer.jpg 1152w\" sizes=\"auto, (max-width: 1024px) 100vw, 1024px\" itemprop=\"thumbnail\" \/><\/a><\/div>\n\t\t\t\t\t<\/figure>\n\t\t\t\t\t<figure class='gallery-item col-3' itemprop='associatedMedia' itemscope itemtype='http:\/\/schema.org\/ImageObject'>\n\t\t\t\t\t\t<div class='gallery-icon landscape'><a href='https:\/\/www.ornding.at\/wp-content\/uploads\/2017\/04\/IMG_3533-FILEminimizer.jpg' itemprop=\"contentURL\"><img loading=\"lazy\" decoding=\"async\" width=\"1024\" height=\"683\" src=\"https:\/\/www.ornding.at\/wp-content\/uploads\/2017\/04\/IMG_3533-FILEminimizer-1024x683.jpg\" class=\"attachment-large size-large\" alt=\"\" srcset=\"https:\/\/www.ornding.at\/wp-content\/uploads\/2017\/04\/IMG_3533-FILEminimizer-1024x683.jpg 1024w, https:\/\/www.ornding.at\/wp-content\/uploads\/2017\/04\/IMG_3533-FILEminimizer-300x200.jpg 300w, https:\/\/www.ornding.at\/wp-content\/uploads\/2017\/04\/IMG_3533-FILEminimizer-768x512.jpg 768w, https:\/\/www.ornding.at\/wp-content\/uploads\/2017\/04\/IMG_3533-FILEminimizer-750x500.jpg 750w, https:\/\/www.ornding.at\/wp-content\/uploads\/2017\/04\/IMG_3533-FILEminimizer.jpg 1152w\" sizes=\"auto, (max-width: 1024px) 100vw, 1024px\" itemprop=\"thumbnail\" \/><\/a><\/div>\n\t\t\t\t\t<\/figure>\n\t\t\t\t\t<figure class='gallery-item col-3' itemprop='associatedMedia' itemscope itemtype='http:\/\/schema.org\/ImageObject'>\n\t\t\t\t\t\t<div class='gallery-icon landscape'><a href='https:\/\/www.ornding.at\/wp-content\/uploads\/2017\/04\/IMG_3530-FILEminimizer.jpg' itemprop=\"contentURL\"><img loading=\"lazy\" decoding=\"async\" width=\"1024\" height=\"683\" src=\"https:\/\/www.ornding.at\/wp-content\/uploads\/2017\/04\/IMG_3530-FILEminimizer-1024x683.jpg\" class=\"attachment-large size-large\" alt=\"\" srcset=\"https:\/\/www.ornding.at\/wp-content\/uploads\/2017\/04\/IMG_3530-FILEminimizer-1024x683.jpg 1024w, https:\/\/www.ornding.at\/wp-content\/uploads\/2017\/04\/IMG_3530-FILEminimizer-300x200.jpg 300w, https:\/\/www.ornding.at\/wp-content\/uploads\/2017\/04\/IMG_3530-FILEminimizer-768x512.jpg 768w, https:\/\/www.ornding.at\/wp-content\/uploads\/2017\/04\/IMG_3530-FILEminimizer-750x500.jpg 750w, https:\/\/www.ornding.at\/wp-content\/uploads\/2017\/04\/IMG_3530-FILEminimizer.jpg 1152w\" sizes=\"auto, (max-width: 1024px) 100vw, 1024px\" itemprop=\"thumbnail\" \/><\/a><\/div>\n\t\t\t\t\t<\/figure>\n\t\t\t\t\t<figure class='gallery-item col-3' itemprop='associatedMedia' itemscope itemtype='http:\/\/schema.org\/ImageObject'>\n\t\t\t\t\t\t<div class='gallery-icon landscape'><a href='https:\/\/www.ornding.at\/wp-content\/uploads\/2017\/04\/IMG_3524-FILEminimizer.jpg' itemprop=\"contentURL\"><img loading=\"lazy\" decoding=\"async\" width=\"1024\" height=\"683\" src=\"https:\/\/www.ornding.at\/wp-content\/uploads\/2017\/04\/IMG_3524-FILEminimizer-1024x683.jpg\" class=\"attachment-large size-large\" alt=\"\" srcset=\"https:\/\/www.ornding.at\/wp-content\/uploads\/2017\/04\/IMG_3524-FILEminimizer-1024x683.jpg 1024w, https:\/\/www.ornding.at\/wp-content\/uploads\/2017\/04\/IMG_3524-FILEminimizer-300x200.jpg 300w, https:\/\/www.ornding.at\/wp-content\/uploads\/2017\/04\/IMG_3524-FILEminimizer-768x512.jpg 768w, https:\/\/www.ornding.at\/wp-content\/uploads\/2017\/04\/IMG_3524-FILEminimizer-750x500.jpg 750w, https:\/\/www.ornding.at\/wp-content\/uploads\/2017\/04\/IMG_3524-FILEminimizer.jpg 1152w\" sizes=\"auto, (max-width: 1024px) 100vw, 1024px\" itemprop=\"thumbnail\" \/><\/a><\/div>\n\t\t\t\t\t<\/figure>\n\t\t\t\t\t<figure class='gallery-item col-3' itemprop='associatedMedia' itemscope itemtype='http:\/\/schema.org\/ImageObject'>\n\t\t\t\t\t\t<div class='gallery-icon portrait'><a href='https:\/\/www.ornding.at\/wp-content\/uploads\/2017\/04\/IMG_3522-FILEminimizer.jpg' itemprop=\"contentURL\"><img loading=\"lazy\" decoding=\"async\" width=\"683\" height=\"1024\" src=\"https:\/\/www.ornding.at\/wp-content\/uploads\/2017\/04\/IMG_3522-FILEminimizer-683x1024.jpg\" class=\"attachment-large size-large\" alt=\"\" srcset=\"https:\/\/www.ornding.at\/wp-content\/uploads\/2017\/04\/IMG_3522-FILEminimizer-683x1024.jpg 683w, https:\/\/www.ornding.at\/wp-content\/uploads\/2017\/04\/IMG_3522-FILEminimizer-200x300.jpg 200w, https:\/\/www.ornding.at\/wp-content\/uploads\/2017\/04\/IMG_3522-FILEminimizer-768x1152.jpg 768w, https:\/\/www.ornding.at\/wp-content\/uploads\/2017\/04\/IMG_3522-FILEminimizer-333x500.jpg 333w, https:\/\/www.ornding.at\/wp-content\/uploads\/2017\/04\/IMG_3522-FILEminimizer.jpg 1024w\" sizes=\"auto, (max-width: 683px) 100vw, 683px\" itemprop=\"thumbnail\" \/><\/a><\/div>\n\t\t\t\t\t<\/figure>\n\t\t\t\t\t<figure class='gallery-item col-3' itemprop='associatedMedia' itemscope itemtype='http:\/\/schema.org\/ImageObject'>\n\t\t\t\t\t\t<div class='gallery-icon portrait'><a href='https:\/\/www.ornding.at\/wp-content\/uploads\/2017\/04\/IMG_3521-FILEminimizer.jpg' itemprop=\"contentURL\"><img loading=\"lazy\" decoding=\"async\" width=\"683\" height=\"1024\" src=\"https:\/\/www.ornding.at\/wp-content\/uploads\/2017\/04\/IMG_3521-FILEminimizer-683x1024.jpg\" class=\"attachment-large size-large\" alt=\"\" srcset=\"https:\/\/www.ornding.at\/wp-content\/uploads\/2017\/04\/IMG_3521-FILEminimizer-683x1024.jpg 683w, https:\/\/www.ornding.at\/wp-content\/uploads\/2017\/04\/IMG_3521-FILEminimizer-200x300.jpg 200w, https:\/\/www.ornding.at\/wp-content\/uploads\/2017\/04\/IMG_3521-FILEminimizer-768x1152.jpg 768w, https:\/\/www.ornding.at\/wp-content\/uploads\/2017\/04\/IMG_3521-FILEminimizer-333x500.jpg 333w, https:\/\/www.ornding.at\/wp-content\/uploads\/2017\/04\/IMG_3521-FILEminimizer.jpg 1024w\" sizes=\"auto, (max-width: 683px) 100vw, 683px\" itemprop=\"thumbnail\" \/><\/a><\/div>\n\t\t\t\t\t<\/figure>\n\t\t\t<\/div><!-- .gallery -->\n\n","protected":false},"excerpt":{"rendered":"<p>Die Erd\u00e4pfelpyramide ist ein Projekt von &#8218;So schmeckt Nieder\u00f6sterreich&#8216; und m\u00f6chte das Bewusstsein f\u00fcr regionale Lebensmittel st\u00e4rken &#8211; vor allem bei der jungen Generation. Gemeinsam wollen wir die Erd\u00e4pfelpyramide\u00a0 &#8211; <a href=\"https:\/\/www.ornding.at\/?page_id=1658\" class=\"more-link\">[&hellip;]<\/a><\/p>\n","protected":false},"author":1,"featured_media":1643,"parent":0,"menu_order":0,"comment_status":"closed","ping_status":"closed","template":"","meta":{"Layout":"","footnotes":""},"class_list":["entry","author-claudia","post-1658","page","type-page","status-publish","has-post-thumbnail"],"_links":{"self":[{"href":"https:\/\/www.ornding.at\/index.php?rest_route=\/wp\/v2\/pages\/1658","targetHints":{"allow":["GET"]}}],"collection":[{"href":"https:\/\/www.ornding.at\/index.php?rest_route=\/wp\/v2\/pages"}],"about":[{"href":"https:\/\/www.ornding.at\/index.php?rest_route=\/wp\/v2\/types\/page"}],"author":[{"embeddable":true,"href":"https:\/\/www.ornding.at\/index.php?rest_route=\/wp\/v2\/users\/1"}],"replies":[{"embeddable":true,"href":"https:\/\/www.ornding.at\/index.php?rest_route=%2Fwp%2Fv2%2Fcomments&post=1658"}],"version-history":[{"count":1,"href":"https:\/\/www.ornding.at\/index.php?rest_route=\/wp\/v2\/pages\/1658\/revisions"}],"predecessor-version":[{"id":1660,"href":"https:\/\/www.ornding.at\/index.php?rest_route=\/wp\/v2\/pages\/1658\/revisions\/1660"}],"wp:featuredmedia":[{"embeddable":true,"href":"https:\/\/www.ornding.at\/index.php?rest_route=\/wp\/v2\/media\/1643"}],"wp:attachment":[{"href":"https:\/\/www.ornding.at\/index.php?rest_route=%2Fwp%2Fv2%2Fmedia&parent=1658"}],"curies":[{"name":"wp","href":"https:\/\/api.w.org\/{rel}","templated":true}]}}