{"id":14,"date":"2013-06-17T12:40:21","date_gmt":"2013-06-17T10:40:21","guid":{"rendered":"http:\/\/www.ornding.at\/?page_id=14"},"modified":"2014-05-19T21:30:29","modified_gmt":"2014-05-19T19:30:29","slug":"fotogalerie","status":"publish","type":"page","link":"https:\/\/www.ornding.at\/?page_id=14","title":{"rendered":"Foto &#8211; Archiv"},"content":{"rendered":"<p>Um das Archiv durchst\u00f6bern zu k\u00f6nnen, klicken Sie in der Men\u00fcleiste oben rechts auf das Wort &#8218;Foto-Archiv&#8216; &#8211;&gt; &#8218;Jahreszahl&#8216; und w\u00e4hlen eine Fotoserie aus.<\/p>\n<p>Viel Spa\u00df beim Durchschauen!<\/p>\n<p>PS: Wir sind immer auf der Suche nach neuen Bildern und Fotos. Einerseits zur Archivierung, andererseits f\u00fcr die Homepage selbst. Wenn Du\/Sie also auf einer Veranstaltung (zb Maibaum aufstellen usw.) oder einem Ereignis im Dorf Fotos gemacht haben, melde Dich\/melden Sie sich bei Claudia Rester oder senden uns ausgew\u00e4hlte Fotos (ca. 10 St\u00fcck) direkt an die Emailadresse: dorfverein.ornding@gmail.com. Vielen Dank im voraus!<\/p>\n<p>&nbsp;<\/p>\n","protected":false},"excerpt":{"rendered":"<p>Um das Archiv durchst\u00f6bern zu k\u00f6nnen, klicken Sie in der Men\u00fcleiste oben rechts auf das Wort &#8218;Foto-Archiv&#8216; &#8211;&gt; &#8218;Jahreszahl&#8216; und w\u00e4hlen eine Fotoserie aus. Viel Spa\u00df beim Durchschauen! PS: Wir <a href=\"https:\/\/www.ornding.at\/?page_id=14\" class=\"more-link\">[&hellip;]<\/a><\/p>\n","protected":false},"author":1,"featured_media":248,"parent":0,"menu_order":3,"comment_status":"open","ping_status":"closed","template":"","meta":{"Layout":"","footnotes":""},"class_list":["entry","author-claudia","post-14","page","type-page","status-publish","has-post-thumbnail"],"_links":{"self":[{"href":"https:\/\/www.ornding.at\/index.php?rest_route=\/wp\/v2\/pages\/14","targetHints":{"allow":["GET"]}}],"collection":[{"href":"https:\/\/www.ornding.at\/index.php?rest_route=\/wp\/v2\/pages"}],"about":[{"href":"https:\/\/www.ornding.at\/index.php?rest_route=\/wp\/v2\/types\/page"}],"author":[{"embeddable":true,"href":"https:\/\/www.ornding.at\/index.php?rest_route=\/wp\/v2\/users\/1"}],"replies":[{"embeddable":true,"href":"https:\/\/www.ornding.at\/index.php?rest_route=%2Fwp%2Fv2%2Fcomments&post=14"}],"version-history":[{"count":10,"href":"https:\/\/www.ornding.at\/index.php?rest_route=\/wp\/v2\/pages\/14\/revisions"}],"predecessor-version":[{"id":591,"href":"https:\/\/www.ornding.at\/index.php?rest_route=\/wp\/v2\/pages\/14\/revisions\/591"}],"wp:featuredmedia":[{"embeddable":true,"href":"https:\/\/www.ornding.at\/index.php?rest_route=\/wp\/v2\/media\/248"}],"wp:attachment":[{"href":"https:\/\/www.ornding.at\/index.php?rest_route=%2Fwp%2Fv2%2Fmedia&parent=14"}],"curies":[{"name":"wp","href":"https:\/\/api.w.org\/{rel}","templated":true}]}}