{"id":119,"date":"2013-06-22T11:50:18","date_gmt":"2013-06-22T09:50:18","guid":{"rendered":"http:\/\/www.ornding.at\/?page_id=119"},"modified":"2014-03-18T14:02:33","modified_gmt":"2014-03-18T12:02:33","slug":"langlaufen-in-ornding-winter-2013","status":"publish","type":"page","link":"https:\/\/www.ornding.at\/?page_id=119","title":{"rendered":"Winter 2013 &#8211; Langlaufen in Ornding"},"content":{"rendered":"<p>So viel Schnee hat auch was Gutes!<\/p>\n<p>Ab sofort bietet Ornding wieder eine Loipenstrecke (25km) mit drei Einstiegsm\u00f6glichkeiten inkl. Beschilderung (Sportplatz Ornding, Dorfwirtshaus Gierer und beim Mitterbergweg 7 &#8211; Fam. D\u00f6rflinger)<\/p>\n<p>Die Langlaufloipe im Gemeindegebiet von P\u00f6chlarn \u00a0ist bei Einheimischen und G\u00e4sten aus den umliegenden Gemeinden sehr beliebt. Ein Grund daf\u00fcr ist der Streckenverlauf, der ohne gr\u00f6\u00dfere Steigungen versehen und somit sehr familienfreundlich ist.<br \/>\nDie Route der Langlaufloipe wurde so gelegt, dass sie direkt am Gasthaus von Ornding vorbeigeht und so eine ideale Pausendestination vorhanden ist.<\/p>\n<p><i>Aber nur solange der Schnee reicht! <\/i><\/p>\n<p style=\"text-align: center;\"><i>\n\t\t\t<div id=\"119-1\" class=\"gallery gallery-119 gallery-col-2 gallery-columns-2 gallery-size-post-thumbnail\" itemscope itemtype=\"http:\/\/schema.org\/ImageGallery\">\n\t\t\t\t\t<figure class='gallery-item col-2' itemprop='associatedMedia' itemscope itemtype='http:\/\/schema.org\/ImageObject'>\n\t\t\t\t\t\t<div class='gallery-icon landscape'><a href='https:\/\/www.ornding.at\/wp-content\/uploads\/2013\/06\/Orndinger-mit-Skidoo.jpg' itemprop=\"contentURL\"><img loading=\"lazy\" decoding=\"async\" width=\"175\" height=\"117\" src=\"https:\/\/www.ornding.at\/wp-content\/uploads\/2013\/06\/Orndinger-mit-Skidoo.jpg\" class=\"attachment-post-thumbnail size-post-thumbnail\" alt=\"\" srcset=\"https:\/\/www.ornding.at\/wp-content\/uploads\/2013\/06\/Orndinger-mit-Skidoo.jpg 800w, https:\/\/www.ornding.at\/wp-content\/uploads\/2013\/06\/Orndinger-mit-Skidoo-300x200.jpg 300w\" sizes=\"auto, (max-width: 175px) 100vw, 175px\" aria-describedby=\"figcaption-119-453\" itemprop=\"thumbnail\" \/><\/a><\/div>\n\t\t\t\t\t\t<figcaption id=\"figcaption-119-453\" class=\"gallery-caption\" itemprop=\"caption\">Orndinger mit Skidoo<\/figcaption>\n\t\t\t\t\t<\/figure>\n\t\t\t\t\t<figure class='gallery-item col-2' itemprop='associatedMedia' itemscope itemtype='http:\/\/schema.org\/ImageObject'>\n\t\t\t\t\t\t<div class='gallery-icon landscape'><a href='https:\/\/www.ornding.at\/wp-content\/uploads\/2013\/06\/Ski-doo-012.jpg' itemprop=\"contentURL\"><img loading=\"lazy\" decoding=\"async\" width=\"175\" height=\"131\" src=\"https:\/\/www.ornding.at\/wp-content\/uploads\/2013\/06\/Ski-doo-012.jpg\" class=\"attachment-post-thumbnail size-post-thumbnail\" alt=\"\" srcset=\"https:\/\/www.ornding.at\/wp-content\/uploads\/2013\/06\/Ski-doo-012.jpg 2048w, https:\/\/www.ornding.at\/wp-content\/uploads\/2013\/06\/Ski-doo-012-300x225.jpg 300w, https:\/\/www.ornding.at\/wp-content\/uploads\/2013\/06\/Ski-doo-012-1024x768.jpg 1024w\" sizes=\"auto, (max-width: 175px) 100vw, 175px\" aria-describedby=\"figcaption-119-454\" itemprop=\"thumbnail\" \/><\/a><\/div>\n\t\t\t\t\t\t<figcaption id=\"figcaption-119-454\" class=\"gallery-caption\" itemprop=\"caption\">Spur ziehen<\/figcaption>\n\t\t\t\t\t<\/figure>\n\t\t\t\t\t<figure class='gallery-item col-2' itemprop='associatedMedia' itemscope itemtype='http:\/\/schema.org\/ImageObject'>\n\t\t\t\t\t\t<div class='gallery-icon landscape'><a href='https:\/\/www.ornding.at\/wp-content\/uploads\/2013\/06\/Ski-doo-026.jpg' itemprop=\"contentURL\"><img loading=\"lazy\" decoding=\"async\" width=\"175\" height=\"131\" src=\"https:\/\/www.ornding.at\/wp-content\/uploads\/2013\/06\/Ski-doo-026.jpg\" class=\"attachment-post-thumbnail size-post-thumbnail\" alt=\"\" srcset=\"https:\/\/www.ornding.at\/wp-content\/uploads\/2013\/06\/Ski-doo-026.jpg 2048w, https:\/\/www.ornding.at\/wp-content\/uploads\/2013\/06\/Ski-doo-026-300x225.jpg 300w, https:\/\/www.ornding.at\/wp-content\/uploads\/2013\/06\/Ski-doo-026-1024x768.jpg 1024w\" sizes=\"auto, (max-width: 175px) 100vw, 175px\" itemprop=\"thumbnail\" \/><\/a><\/div>\n\t\t\t\t\t<\/figure>\n\t\t\t\t\t<figure class='gallery-item col-2' itemprop='associatedMedia' itemscope itemtype='http:\/\/schema.org\/ImageObject'>\n\t\t\t\t\t\t<div class='gallery-icon landscape'><a href='https:\/\/www.ornding.at\/wp-content\/uploads\/2013\/06\/Loipenplan_2013-JPG-1.jpg' itemprop=\"contentURL\"><img loading=\"lazy\" decoding=\"async\" width=\"175\" height=\"124\" src=\"https:\/\/www.ornding.at\/wp-content\/uploads\/2013\/06\/Loipenplan_2013-JPG-1-624x441.jpg\" class=\"attachment-post-thumbnail size-post-thumbnail\" alt=\"\" srcset=\"https:\/\/www.ornding.at\/wp-content\/uploads\/2013\/06\/Loipenplan_2013-JPG-1-624x441.jpg 624w, https:\/\/www.ornding.at\/wp-content\/uploads\/2013\/06\/Loipenplan_2013-JPG-1-300x212.jpg 300w, https:\/\/www.ornding.at\/wp-content\/uploads\/2013\/06\/Loipenplan_2013-JPG-1-1024x723.jpg 1024w, https:\/\/www.ornding.at\/wp-content\/uploads\/2013\/06\/Loipenplan_2013-JPG-1.jpg 1754w\" sizes=\"auto, (max-width: 175px) 100vw, 175px\" aria-describedby=\"figcaption-119-120\" itemprop=\"thumbnail\" \/><\/a><\/div>\n\t\t\t\t\t\t<figcaption id=\"figcaption-119-120\" class=\"gallery-caption\" itemprop=\"caption\">Loipenplan 2013<\/figcaption>\n\t\t\t\t\t<\/figure>\n\t\t\t<\/div><!-- .gallery -->\n<br \/>\n<\/i><\/p>\n","protected":false},"excerpt":{"rendered":"<p>So viel Schnee hat auch was Gutes! Ab sofort bietet Ornding wieder eine Loipenstrecke (25km) mit drei Einstiegsm\u00f6glichkeiten inkl. Beschilderung (Sportplatz Ornding, Dorfwirtshaus Gierer und beim Mitterbergweg 7 &#8211; Fam. <a href=\"https:\/\/www.ornding.at\/?page_id=119\" class=\"more-link\">[&hellip;]<\/a><\/p>\n","protected":false},"author":1,"featured_media":0,"parent":145,"menu_order":0,"comment_status":"open","ping_status":"closed","template":"","meta":{"Layout":"","footnotes":""},"class_list":["entry","author-claudia","post-119","page","type-page","status-publish"],"_links":{"self":[{"href":"https:\/\/www.ornding.at\/index.php?rest_route=\/wp\/v2\/pages\/119","targetHints":{"allow":["GET"]}}],"collection":[{"href":"https:\/\/www.ornding.at\/index.php?rest_route=\/wp\/v2\/pages"}],"about":[{"href":"https:\/\/www.ornding.at\/index.php?rest_route=\/wp\/v2\/types\/page"}],"author":[{"embeddable":true,"href":"https:\/\/www.ornding.at\/index.php?rest_route=\/wp\/v2\/users\/1"}],"replies":[{"embeddable":true,"href":"https:\/\/www.ornding.at\/index.php?rest_route=%2Fwp%2Fv2%2Fcomments&post=119"}],"version-history":[{"count":8,"href":"https:\/\/www.ornding.at\/index.php?rest_route=\/wp\/v2\/pages\/119\/revisions"}],"predecessor-version":[{"id":456,"href":"https:\/\/www.ornding.at\/index.php?rest_route=\/wp\/v2\/pages\/119\/revisions\/456"}],"up":[{"embeddable":true,"href":"https:\/\/www.ornding.at\/index.php?rest_route=\/wp\/v2\/pages\/145"}],"wp:attachment":[{"href":"https:\/\/www.ornding.at\/index.php?rest_route=%2Fwp%2Fv2%2Fmedia&parent=119"}],"curies":[{"name":"wp","href":"https:\/\/api.w.org\/{rel}","templated":true}]}}