{"id":107,"date":"2013-06-22T11:46:15","date_gmt":"2013-06-22T09:46:15","guid":{"rendered":"http:\/\/www.ornding.at\/?page_id=107"},"modified":"2014-03-18T13:58:12","modified_gmt":"2014-03-18T11:58:12","slug":"janner-2013-klumper-olympiade","status":"publish","type":"page","link":"https:\/\/www.ornding.at\/?page_id=107","title":{"rendered":"J\u00e4nner 2013 &#8211; Klumper Olympiade"},"content":{"rendered":"<p>Dank dem Schnee kamen wir heuer voll auf unsere Kosten. Denn letzten Sonntag fand die gro\u00dfe Klumper-Bob-Olympiade in Ornding statt. Wie 2010 zeigten wieder mehr als 70 Teilnehmer ihre Fahrk\u00fcnste am Hang. Der sogenannte Klumper stammt aus Tirol und wurde ma\u00dfgetreu von der Dorfgemeinschaft gefertigt.<\/p>\n<p>Danke an Alle die bei den Vorbereitungen, w\u00e4hrenddessen und beim Abbau geholfen haben. Ihr seid spitze!!!!<\/p>\n\n\t\t\t<div id=\"107-1\" class=\"gallery gallery-107 gallery-col-3 gallery-columns-3 gallery-size-post-thumbnail\" itemscope itemtype=\"http:\/\/schema.org\/ImageGallery\">\n\t\t\t\t\t<figure class='gallery-item col-3' itemprop='associatedMedia' itemscope itemtype='http:\/\/schema.org\/ImageObject'>\n\t\t\t\t\t\t<div class='gallery-icon landscape'><a href='https:\/\/www.ornding.at\/wp-content\/uploads\/2013\/06\/Bob-Rennen-in-Ornding-2013-047-1.jpg' itemprop=\"contentURL\"><img loading=\"lazy\" decoding=\"async\" width=\"175\" height=\"117\" src=\"https:\/\/www.ornding.at\/wp-content\/uploads\/2013\/06\/Bob-Rennen-in-Ornding-2013-047-1-624x416.jpg\" class=\"attachment-post-thumbnail size-post-thumbnail\" alt=\"\" srcset=\"https:\/\/www.ornding.at\/wp-content\/uploads\/2013\/06\/Bob-Rennen-in-Ornding-2013-047-1-624x416.jpg 624w, https:\/\/www.ornding.at\/wp-content\/uploads\/2013\/06\/Bob-Rennen-in-Ornding-2013-047-1-300x200.jpg 300w, https:\/\/www.ornding.at\/wp-content\/uploads\/2013\/06\/Bob-Rennen-in-Ornding-2013-047-1-1024x682.jpg 1024w, https:\/\/www.ornding.at\/wp-content\/uploads\/2013\/06\/Bob-Rennen-in-Ornding-2013-047-1.jpg 1890w\" sizes=\"auto, (max-width: 175px) 100vw, 175px\" itemprop=\"thumbnail\" \/><\/a><\/div>\n\t\t\t\t\t<\/figure>\n\t\t\t\t\t<figure class='gallery-item col-3' itemprop='associatedMedia' itemscope itemtype='http:\/\/schema.org\/ImageObject'>\n\t\t\t\t\t\t<div class='gallery-icon landscape'><a href='https:\/\/www.ornding.at\/wp-content\/uploads\/2013\/06\/Bob-Rennen-in-Ornding-2013-083.jpg' itemprop=\"contentURL\"><img loading=\"lazy\" decoding=\"async\" width=\"175\" height=\"117\" src=\"https:\/\/www.ornding.at\/wp-content\/uploads\/2013\/06\/Bob-Rennen-in-Ornding-2013-083-624x417.jpg\" class=\"attachment-post-thumbnail size-post-thumbnail\" alt=\"\" srcset=\"https:\/\/www.ornding.at\/wp-content\/uploads\/2013\/06\/Bob-Rennen-in-Ornding-2013-083-624x417.jpg 624w, https:\/\/www.ornding.at\/wp-content\/uploads\/2013\/06\/Bob-Rennen-in-Ornding-2013-083-300x200.jpg 300w, https:\/\/www.ornding.at\/wp-content\/uploads\/2013\/06\/Bob-Rennen-in-Ornding-2013-083-1024x685.jpg 1024w\" sizes=\"auto, (max-width: 175px) 100vw, 175px\" itemprop=\"thumbnail\" \/><\/a><\/div>\n\t\t\t\t\t<\/figure>\n\t\t\t\t\t<figure class='gallery-item col-3' itemprop='associatedMedia' itemscope itemtype='http:\/\/schema.org\/ImageObject'>\n\t\t\t\t\t\t<div class='gallery-icon landscape'><a href='https:\/\/www.ornding.at\/wp-content\/uploads\/2013\/06\/Bob-Rennen-in-Ornding-2013-088.jpg' itemprop=\"contentURL\"><img loading=\"lazy\" decoding=\"async\" width=\"175\" height=\"117\" src=\"https:\/\/www.ornding.at\/wp-content\/uploads\/2013\/06\/Bob-Rennen-in-Ornding-2013-088-624x417.jpg\" class=\"attachment-post-thumbnail size-post-thumbnail\" alt=\"\" srcset=\"https:\/\/www.ornding.at\/wp-content\/uploads\/2013\/06\/Bob-Rennen-in-Ornding-2013-088-624x417.jpg 624w, https:\/\/www.ornding.at\/wp-content\/uploads\/2013\/06\/Bob-Rennen-in-Ornding-2013-088-300x200.jpg 300w, https:\/\/www.ornding.at\/wp-content\/uploads\/2013\/06\/Bob-Rennen-in-Ornding-2013-088-1024x685.jpg 1024w\" sizes=\"auto, (max-width: 175px) 100vw, 175px\" itemprop=\"thumbnail\" \/><\/a><\/div>\n\t\t\t\t\t<\/figure>\n\t\t\t\t\t<figure class='gallery-item col-3' itemprop='associatedMedia' itemscope itemtype='http:\/\/schema.org\/ImageObject'>\n\t\t\t\t\t\t<div class='gallery-icon landscape'><a href='https:\/\/www.ornding.at\/wp-content\/uploads\/2013\/06\/Bob-Rennen-in-Ornding-2013-104.jpg' itemprop=\"contentURL\"><img loading=\"lazy\" decoding=\"async\" width=\"175\" height=\"117\" src=\"https:\/\/www.ornding.at\/wp-content\/uploads\/2013\/06\/Bob-Rennen-in-Ornding-2013-104-624x416.jpg\" class=\"attachment-post-thumbnail size-post-thumbnail\" alt=\"\" srcset=\"https:\/\/www.ornding.at\/wp-content\/uploads\/2013\/06\/Bob-Rennen-in-Ornding-2013-104-624x416.jpg 624w, https:\/\/www.ornding.at\/wp-content\/uploads\/2013\/06\/Bob-Rennen-in-Ornding-2013-104-300x200.jpg 300w, https:\/\/www.ornding.at\/wp-content\/uploads\/2013\/06\/Bob-Rennen-in-Ornding-2013-104-1024x682.jpg 1024w\" sizes=\"auto, (max-width: 175px) 100vw, 175px\" itemprop=\"thumbnail\" \/><\/a><\/div>\n\t\t\t\t\t<\/figure>\n\t\t\t\t\t<figure class='gallery-item col-3' itemprop='associatedMedia' itemscope itemtype='http:\/\/schema.org\/ImageObject'>\n\t\t\t\t\t\t<div class='gallery-icon landscape'><a href='https:\/\/www.ornding.at\/wp-content\/uploads\/2013\/06\/Bob-Rennen-in-Ornding-2013-107.jpg' itemprop=\"contentURL\"><img loading=\"lazy\" decoding=\"async\" width=\"175\" height=\"117\" src=\"https:\/\/www.ornding.at\/wp-content\/uploads\/2013\/06\/Bob-Rennen-in-Ornding-2013-107-624x417.jpg\" class=\"attachment-post-thumbnail size-post-thumbnail\" alt=\"\" srcset=\"https:\/\/www.ornding.at\/wp-content\/uploads\/2013\/06\/Bob-Rennen-in-Ornding-2013-107-624x417.jpg 624w, https:\/\/www.ornding.at\/wp-content\/uploads\/2013\/06\/Bob-Rennen-in-Ornding-2013-107-300x200.jpg 300w, https:\/\/www.ornding.at\/wp-content\/uploads\/2013\/06\/Bob-Rennen-in-Ornding-2013-107-1024x685.jpg 1024w\" sizes=\"auto, (max-width: 175px) 100vw, 175px\" itemprop=\"thumbnail\" \/><\/a><\/div>\n\t\t\t\t\t<\/figure>\n\t\t\t\t\t<figure class='gallery-item col-3' itemprop='associatedMedia' itemscope itemtype='http:\/\/schema.org\/ImageObject'>\n\t\t\t\t\t\t<div class='gallery-icon landscape'><a href='https:\/\/www.ornding.at\/wp-content\/uploads\/2013\/06\/Bob-Rennen-in-Ornding-2013-113.jpg' itemprop=\"contentURL\"><img loading=\"lazy\" decoding=\"async\" width=\"175\" height=\"117\" src=\"https:\/\/www.ornding.at\/wp-content\/uploads\/2013\/06\/Bob-Rennen-in-Ornding-2013-113-624x417.jpg\" class=\"attachment-post-thumbnail size-post-thumbnail\" alt=\"\" srcset=\"https:\/\/www.ornding.at\/wp-content\/uploads\/2013\/06\/Bob-Rennen-in-Ornding-2013-113-624x417.jpg 624w, https:\/\/www.ornding.at\/wp-content\/uploads\/2013\/06\/Bob-Rennen-in-Ornding-2013-113-300x200.jpg 300w, https:\/\/www.ornding.at\/wp-content\/uploads\/2013\/06\/Bob-Rennen-in-Ornding-2013-113-1024x685.jpg 1024w\" sizes=\"auto, (max-width: 175px) 100vw, 175px\" itemprop=\"thumbnail\" \/><\/a><\/div>\n\t\t\t\t\t<\/figure>\n\t\t\t\t\t<figure class='gallery-item col-3' itemprop='associatedMedia' itemscope itemtype='http:\/\/schema.org\/ImageObject'>\n\t\t\t\t\t\t<div class='gallery-icon landscape'><a href='https:\/\/www.ornding.at\/wp-content\/uploads\/2013\/06\/Bob-Rennen-in-Ornding-2013-123.jpg' itemprop=\"contentURL\"><img loading=\"lazy\" decoding=\"async\" width=\"175\" height=\"117\" src=\"https:\/\/www.ornding.at\/wp-content\/uploads\/2013\/06\/Bob-Rennen-in-Ornding-2013-123-624x417.jpg\" class=\"attachment-post-thumbnail size-post-thumbnail\" alt=\"\" srcset=\"https:\/\/www.ornding.at\/wp-content\/uploads\/2013\/06\/Bob-Rennen-in-Ornding-2013-123-624x417.jpg 624w, https:\/\/www.ornding.at\/wp-content\/uploads\/2013\/06\/Bob-Rennen-in-Ornding-2013-123-300x200.jpg 300w, https:\/\/www.ornding.at\/wp-content\/uploads\/2013\/06\/Bob-Rennen-in-Ornding-2013-123-1024x685.jpg 1024w\" sizes=\"auto, (max-width: 175px) 100vw, 175px\" itemprop=\"thumbnail\" \/><\/a><\/div>\n\t\t\t\t\t<\/figure>\n\t\t\t<\/div><!-- .gallery -->\n\n","protected":false},"excerpt":{"rendered":"<p>Dank dem Schnee kamen wir heuer voll auf unsere Kosten. Denn letzten Sonntag fand die gro\u00dfe Klumper-Bob-Olympiade in Ornding statt. Wie 2010 zeigten wieder mehr als 70 Teilnehmer ihre Fahrk\u00fcnste <a href=\"https:\/\/www.ornding.at\/?page_id=107\" class=\"more-link\">[&hellip;]<\/a><\/p>\n","protected":false},"author":1,"featured_media":0,"parent":145,"menu_order":0,"comment_status":"open","ping_status":"closed","template":"","meta":{"Layout":"","footnotes":""},"class_list":["entry","author-claudia","post-107","page","type-page","status-publish"],"_links":{"self":[{"href":"https:\/\/www.ornding.at\/index.php?rest_route=\/wp\/v2\/pages\/107","targetHints":{"allow":["GET"]}}],"collection":[{"href":"https:\/\/www.ornding.at\/index.php?rest_route=\/wp\/v2\/pages"}],"about":[{"href":"https:\/\/www.ornding.at\/index.php?rest_route=\/wp\/v2\/types\/page"}],"author":[{"embeddable":true,"href":"https:\/\/www.ornding.at\/index.php?rest_route=\/wp\/v2\/users\/1"}],"replies":[{"embeddable":true,"href":"https:\/\/www.ornding.at\/index.php?rest_route=%2Fwp%2Fv2%2Fcomments&post=107"}],"version-history":[{"count":5,"href":"https:\/\/www.ornding.at\/index.php?rest_route=\/wp\/v2\/pages\/107\/revisions"}],"predecessor-version":[{"id":150,"href":"https:\/\/www.ornding.at\/index.php?rest_route=\/wp\/v2\/pages\/107\/revisions\/150"}],"up":[{"embeddable":true,"href":"https:\/\/www.ornding.at\/index.php?rest_route=\/wp\/v2\/pages\/145"}],"wp:attachment":[{"href":"https:\/\/www.ornding.at\/index.php?rest_route=%2Fwp%2Fv2%2Fmedia&parent=107"}],"curies":[{"name":"wp","href":"https:\/\/api.w.org\/{rel}","templated":true}]}}